{"id":1524,"date":"2020-05-28T20:50:39","date_gmt":"2020-05-28T18:50:39","guid":{"rendered":"http:\/\/nouveausite.cetaradio.fr\/cetawp\/?page_id=1524"},"modified":"2025-12-17T22:13:32","modified_gmt":"2025-12-17T21:13:32","slug":"touzazimut-4","status":"publish","type":"page","link":"http:\/\/nouveausite.cetaradio.fr\/cetawp\/index.php\/touzazimut-4\/","title":{"rendered":"Tou&rsquo;Z&rsquo;azimut"},"content":{"rendered":"\t\t<div data-elementor-type=\"wp-page\" data-elementor-id=\"1524\" class=\"elementor elementor-1524\">\n\t\t\t\t\t\t<section class=\"elementor-section elementor-top-section elementor-element elementor-element-f4fcb51 elementor-section-stretched elementor-section-boxed elementor-section-height-default elementor-section-height-default\" data-id=\"f4fcb51\" data-element_type=\"section\" data-e-type=\"section\" data-settings=\"{&quot;stretch_section&quot;:&quot;section-stretched&quot;}\">\n\t\t\t\t\t\t<div class=\"elementor-container elementor-column-gap-default\">\n\t\t\t\t\t<div class=\"elementor-column elementor-col-100 elementor-top-column elementor-element elementor-element-19437ce\" data-id=\"19437ce\" data-element_type=\"column\" data-e-type=\"column\">\n\t\t\t<div class=\"elementor-widget-wrap elementor-element-populated\">\n\t\t\t\t\t\t<div class=\"elementor-element elementor-element-3b611af elementor-widget elementor-widget-image\" data-id=\"3b611af\" data-element_type=\"widget\" data-e-type=\"widget\" data-widget_type=\"image.default\">\n\t\t\t\t<div class=\"elementor-widget-container\">\n\t\t\t\t\t\t\t\t\t\t\t\t\t\t\t<img fetchpriority=\"high\" decoding=\"async\" width=\"740\" height=\"416\" src=\"http:\/\/nouveausite.cetaradio.fr\/cetawp\/wp-content\/uploads\/2025\/10\/CETA-RADIO-Tou-Z-Azimut-768x432.jpeg\" class=\"attachment-medium_large size-medium_large wp-image-5212\" alt=\"\" srcset=\"http:\/\/nouveausite.cetaradio.fr\/cetawp\/wp-content\/uploads\/2025\/10\/CETA-RADIO-Tou-Z-Azimut-768x432.jpeg 768w, http:\/\/nouveausite.cetaradio.fr\/cetawp\/wp-content\/uploads\/2025\/10\/CETA-RADIO-Tou-Z-Azimut-300x169.jpeg 300w, http:\/\/nouveausite.cetaradio.fr\/cetawp\/wp-content\/uploads\/2025\/10\/CETA-RADIO-Tou-Z-Azimut-1024x576.jpeg 1024w, http:\/\/nouveausite.cetaradio.fr\/cetawp\/wp-content\/uploads\/2025\/10\/CETA-RADIO-Tou-Z-Azimut-1536x864.jpeg 1536w, http:\/\/nouveausite.cetaradio.fr\/cetawp\/wp-content\/uploads\/2025\/10\/CETA-RADIO-Tou-Z-Azimut-e1761171282563.jpeg 1280w\" sizes=\"100vw\" \/>\t\t\t\t\t\t\t\t\t\t\t\t\t\t\t<\/div>\n\t\t\t\t<\/div>\n\t\t\t\t\t<\/div>\n\t\t<\/div>\n\t\t\t\t\t<\/div>\n\t\t<\/section>\n\t\t\t\t<section class=\"elementor-section elementor-top-section elementor-element elementor-element-bb34f80 elementor-section-stretched elementor-section-boxed elementor-section-height-default elementor-section-height-default\" data-id=\"bb34f80\" data-element_type=\"section\" data-e-type=\"section\" data-settings=\"{&quot;stretch_section&quot;:&quot;section-stretched&quot;}\">\n\t\t\t\t\t\t<div class=\"elementor-container elementor-column-gap-default\">\n\t\t\t\t\t<div class=\"elementor-column elementor-col-100 elementor-top-column elementor-element elementor-element-f68a0e0\" data-id=\"f68a0e0\" data-element_type=\"column\" data-e-type=\"column\">\n\t\t\t<div class=\"elementor-widget-wrap elementor-element-populated\">\n\t\t\t\t\t\t<div class=\"elementor-element elementor-element-c072c51 elementor-widget elementor-widget-text-editor\" data-id=\"c072c51\" data-element_type=\"widget\" data-e-type=\"widget\" data-widget_type=\"text-editor.default\">\n\t\t\t\t<div class=\"elementor-widget-container\">\n\t\t\t\t\t\t\t\t\t<p class=\"e-91090-text encore-text-body-medium\" data-encore-id=\"text\" data-slate-node=\"element\"><span data-slate-node=\"text\"><span class=\"sc-gbwXoZ cetDdh\" data-slate-leaf=\"true\">Tou&rsquo;Z&rsquo;Azimut : l\u2019\u00e9mission de chroniques, d\u2019infos de d\u00e9bats et de partage ! <\/span><\/span><\/p>\n<p class=\"e-91090-text encore-text-body-medium\" style=\"text-align: center;\" data-encore-id=\"text\" data-slate-node=\"element\"><span data-slate-node=\"text\"><span class=\"sc-gbwXoZ cetDdh\" data-slate-leaf=\"true\">Retrouvez chaque vendredis Patrick ainsi que les chroniqueurs en studio, L&rsquo;info \u00e0 20H d&rsquo;anthony<strong>analyse.<\/strong>, <\/span><\/span><span data-slate-node=\"text\"><span class=\"sc-gbwXoZ cetDdh\" data-slate-leaf=\"true\">la m\u00e9t\u00e9o de Ma\u00eetre Christian, la chronique musicale \u00ab\u00a01 Chanson, 1 Histoire\u00a0\u00bb de Sylvie, les chroniques de Bertrand, etc&#8230; !<\/span><\/span><\/p>\n<p class=\"e-91090-text encore-text-body-medium\" style=\"text-align: center;\" data-encore-id=\"text\" data-slate-node=\"element\"><span style=\"text-align: center;\">R\u00e9agissez sur twitch.tv\/cetaradio (obligation de cr\u00e9er un compte) pendant l&rsquo;\u00e9mission.<\/span><\/p>\n<p style=\"text-align: center;\"><strong>Chaque vendredi de 19:00 \u00e0 20:30 sur cetaradio.fr et twitch.tv\/cetaradio !<\/strong><\/p>\t\t\t\t\t\t\t\t<\/div>\n\t\t\t\t<\/div>\n\t\t\t\t\t<\/div>\n\t\t<\/div>\n\t\t\t\t\t<\/div>\n\t\t<\/section>\n\t\t\t\t<section class=\"elementor-section elementor-top-section elementor-element elementor-element-0f16097 elementor-section-stretched elementor-section-boxed elementor-section-height-default elementor-section-height-default\" data-id=\"0f16097\" data-element_type=\"section\" data-e-type=\"section\" data-settings=\"{&quot;stretch_section&quot;:&quot;section-stretched&quot;}\">\n\t\t\t\t\t\t<div class=\"elementor-container elementor-column-gap-default\">\n\t\t\t\t\t<div class=\"elementor-column elementor-col-100 elementor-top-column elementor-element elementor-element-a9a4fe8\" data-id=\"a9a4fe8\" data-element_type=\"column\" data-e-type=\"column\">\n\t\t\t<div class=\"elementor-widget-wrap elementor-element-populated\">\n\t\t\t\t\t\t<div class=\"elementor-element elementor-element-964d546 elementor-widget elementor-widget-music-player\" data-id=\"964d546\" data-element_type=\"widget\" data-e-type=\"widget\" data-widget_type=\"music-player.default\">\n\t\t\t\t<div class=\"elementor-widget-container\">\n\t\t\t\t\t<article class=\"iron_widget_radio playlist_enabled\"><div class=\"iron-audioplayer  show-playlist sr_waveform_mediaElement\" id=\"arbitrary-instance-6a06d9098ee97-2eff9a5f6c\" data-id=\"arbitrary-instance-6a06d9098ee97\" data-albums=\"1771\"data-url-playlist=\"http:\/\/nouveausite.cetaradio.fr\/cetawp\/?load=playlist.json&#038;title=&#038;albums=1771&#038;feed_title=&#038;feed=&#038;feed_img=&#038;el_widget_id=&#038;artwork=http:\/\/nouveausite.cetaradio.fr\/cetawp\/wp-content\/uploads\/2025\/10\/CETA-Radio-e1761171161989.jpeg\" data-sticky-player=\"\" data-shuffle=\"\" data-playlist_title=\"\" data-scrollbar=\"\" data-wave-color=\"\" data-wave-progress-color=\"\" data-no-wave=\"\" data-hide-progressbar=\"\" data-feedurl=\"0\" data-notrackskip=\"\" data-playertype=\"\" data-playertemplate =\"skin_float_tracklist\" data-speedrate=\"1\" style=\"opacity:0;\"><div class=\"sonaar-grid\" ><div class=\"sonaar-Artwort-box\">\n                <div class=\"control\">\n                    \n                <\/div>\n                    <div class=\"album\">\n                        <div class=\"album-art\">\n                            <img alt=\"album-art\">\n                        <\/div>\n                    <\/div>\n                <\/div><div class=\"playlist\"><h3 class=\"sr_it-playlist-title\"><\/h3><div class=\"srp_subtitle\"><\/div><div class=\"srp_tracklist\"><ul class\"\"><li \n            class=\"sr-playlist-item sr-playlist-item-flex\" \n            data-audiopath=\"http:\/\/www.cetaradio.fr\/media\/podcasts\/TouZAzimut\/rec_2021-07-02_18h59m57s.mp3\"\n            data-showloading=\"1\"\n            data-albumTitle=\"Tou&#039;Z&#039;azimut podcast\"\n            data-albumArt=\"http:\/\/nouveausite.cetaradio.fr\/cetawp\/wp-content\/uploads\/2025\/10\/CETA-Radio-e1761171161989.jpeg\"\n            data-releasedate=\"\"\n            data-date=\"2 janvier 2021\"\n            data-show-date=\"\"\n            data-trackTitle=\"TouZAzimut du 02-07-2021\"\n            data-trackID=\"\"\n            data-trackTime=\"\"\n            data-relatedTrack=\"\"\n            data-post-url=\"\"\n            ><span class=\"store-list\"><div class=\"song-store-list-menu\"><i class=\"fas fa-ellipsis-v\"><\/i><div class=\"song-store-list-container\"><a href=\"http:\/\/www.cetaradio.fr\/media\/podcasts\/TouZAzimut\/rec_2021-07-02_18h59m57s.mp3\" download class=\"song-store\" target=\"_blank\" title=\"\" data-source-post-id=\"1771\" data-store-id=\"0-0\" tabindex=\"1\"><i class=\"fas fa-download\"><\/i><\/a><\/div><\/div><\/span><\/li><li \n            class=\"sr-playlist-item sr-playlist-item-flex\" \n            data-audiopath=\"http:\/\/www.cetaradio.fr\/media\/podcasts\/TouZAzimut\/rec_2021-06-25_19h02m00s.mp3\"\n            data-showloading=\"1\"\n            data-albumTitle=\"Tou&#039;Z&#039;azimut podcast\"\n            data-albumArt=\"http:\/\/nouveausite.cetaradio.fr\/cetawp\/wp-content\/uploads\/2025\/10\/CETA-Radio-e1761171161989.jpeg\"\n            data-releasedate=\"\"\n            data-date=\"2 janvier 2021\"\n            data-show-date=\"\"\n            data-trackTitle=\"TouZAzimut du 25-06-2021\"\n            data-trackID=\"\"\n            data-trackTime=\"\"\n            data-relatedTrack=\"\"\n            data-post-url=\"\"\n            ><span class=\"store-list\"><div class=\"song-store-list-menu\"><i class=\"fas fa-ellipsis-v\"><\/i><div class=\"song-store-list-container\"><a href=\"http:\/\/www.cetaradio.fr\/media\/podcasts\/TouZAzimut\/rec_2021-06-25_19h02m00s.mp3\" download class=\"song-store\" target=\"_blank\" title=\"\" data-source-post-id=\"1771\" data-store-id=\"1-0\" tabindex=\"1\"><i class=\"fas fa-download\"><\/i><\/a><\/div><\/div><\/span><\/li><li \n            class=\"sr-playlist-item sr-playlist-item-flex\" \n            data-audiopath=\"http:\/\/www.cetaradio.fr\/media\/podcasts\/TouZAzimut\/rec_2021-06-04_18h59m11s.mp3\"\n            data-showloading=\"1\"\n            data-albumTitle=\"Tou&#039;Z&#039;azimut podcast\"\n            data-albumArt=\"http:\/\/nouveausite.cetaradio.fr\/cetawp\/wp-content\/uploads\/2025\/10\/CETA-Radio-e1761171161989.jpeg\"\n            data-releasedate=\"\"\n            data-date=\"2 janvier 2021\"\n            data-show-date=\"\"\n            data-trackTitle=\"TouZAzimut du 04-06-2021\"\n            data-trackID=\"\"\n            data-trackTime=\"\"\n            data-relatedTrack=\"\"\n            data-post-url=\"\"\n            ><span class=\"store-list\"><\/span><\/li><li \n            class=\"sr-playlist-item sr-playlist-item-flex\" \n            data-audiopath=\"http:\/\/www.cetaradio.fr\/media\/podcasts\/TouZAzimut\/rec_2021-05-28_18h59m21s.mp3\"\n            data-showloading=\"1\"\n            data-albumTitle=\"Tou&#039;Z&#039;azimut podcast\"\n            data-albumArt=\"http:\/\/nouveausite.cetaradio.fr\/cetawp\/wp-content\/uploads\/2025\/10\/CETA-Radio-e1761171161989.jpeg\"\n            data-releasedate=\"\"\n            data-date=\"2 janvier 2021\"\n            data-show-date=\"\"\n            data-trackTitle=\"TouZAzimut du 28-05-2021\"\n            data-trackID=\"\"\n            data-trackTime=\"\"\n            data-relatedTrack=\"\"\n            data-post-url=\"\"\n            ><span class=\"store-list\"><\/span><\/li><li \n            class=\"sr-playlist-item sr-playlist-item-flex\" \n            data-audiopath=\"http:\/\/www.cetaradio.fr\/media\/podcasts\/TouZAzimut\/rec_2021-05-14_15h10m51s.mp3\"\n            data-showloading=\"1\"\n            data-albumTitle=\"Tou&#039;Z&#039;azimut podcast\"\n            data-albumArt=\"http:\/\/nouveausite.cetaradio.fr\/cetawp\/wp-content\/uploads\/2025\/10\/CETA-Radio-e1761171161989.jpeg\"\n            data-releasedate=\"\"\n            data-date=\"2 janvier 2021\"\n            data-show-date=\"\"\n            data-trackTitle=\"TouZAzimut du 14-05-2021\"\n            data-trackID=\"\"\n            data-trackTime=\"\"\n            data-relatedTrack=\"\"\n            data-post-url=\"\"\n            ><span class=\"store-list\"><\/span><\/li><li \n            class=\"sr-playlist-item sr-playlist-item-flex\" \n            data-audiopath=\"http:\/\/www.cetaradio.fr\/media\/podcasts\/TouZAzimut\/rec_2021-05-07_15h04m49s.mp3\"\n            data-showloading=\"1\"\n            data-albumTitle=\"Tou&#039;Z&#039;azimut podcast\"\n            data-albumArt=\"http:\/\/nouveausite.cetaradio.fr\/cetawp\/wp-content\/uploads\/2025\/10\/CETA-Radio-e1761171161989.jpeg\"\n            data-releasedate=\"\"\n            data-date=\"2 janvier 2021\"\n            data-show-date=\"\"\n            data-trackTitle=\"TouZAzimut du 07-05-2021\"\n            data-trackID=\"\"\n            data-trackTime=\"\"\n            data-relatedTrack=\"\"\n            data-post-url=\"\"\n            ><span class=\"store-list\"><\/span><\/li><li \n            class=\"sr-playlist-item sr-playlist-item-flex\" \n            data-audiopath=\"http:\/\/www.cetaradio.fr\/media\/podcasts\/TouZAzimut\/rec_2021-04-30_15h25m44s.mp3\"\n            data-showloading=\"1\"\n            data-albumTitle=\"Tou&#039;Z&#039;azimut podcast\"\n            data-albumArt=\"http:\/\/nouveausite.cetaradio.fr\/cetawp\/wp-content\/uploads\/2025\/10\/CETA-Radio-e1761171161989.jpeg\"\n            data-releasedate=\"\"\n            data-date=\"2 janvier 2021\"\n            data-show-date=\"\"\n            data-trackTitle=\"TouZAzimut du 30-04-2021\"\n            data-trackID=\"\"\n            data-trackTime=\"\"\n            data-relatedTrack=\"\"\n            data-post-url=\"\"\n            ><span class=\"store-list\"><\/span><\/li><li \n            class=\"sr-playlist-item sr-playlist-item-flex\" \n            data-audiopath=\"http:\/\/www.cetaradio.fr\/media\/podcasts\/TouZAzimut\/rec_2021-03-26_15h04m47s.mp3\"\n            data-showloading=\"1\"\n            data-albumTitle=\"Tou&#039;Z&#039;azimut podcast\"\n            data-albumArt=\"http:\/\/nouveausite.cetaradio.fr\/cetawp\/wp-content\/uploads\/2025\/10\/CETA-Radio-e1761171161989.jpeg\"\n            data-releasedate=\"\"\n            data-date=\"2 janvier 2021\"\n            data-show-date=\"\"\n            data-trackTitle=\"TouZAzimut du 26-03-2021\"\n            data-trackID=\"\"\n            data-trackTime=\"\"\n            data-relatedTrack=\"\"\n            data-post-url=\"\"\n            ><span class=\"store-list\"><\/span><\/li><li \n            class=\"sr-playlist-item sr-playlist-item-flex\" \n            data-audiopath=\"http:\/\/www.cetaradio.fr\/media\/podcasts\/TouZAzimut\/rec_2021-03-19_15h05m03s.mp3\"\n            data-showloading=\"1\"\n            data-albumTitle=\"Tou&#039;Z&#039;azimut podcast\"\n            data-albumArt=\"http:\/\/nouveausite.cetaradio.fr\/cetawp\/wp-content\/uploads\/2025\/10\/CETA-Radio-e1761171161989.jpeg\"\n            data-releasedate=\"\"\n            data-date=\"2 janvier 2021\"\n            data-show-date=\"\"\n            data-trackTitle=\"TouZAzimut du 19-03-2021\"\n            data-trackID=\"\"\n            data-trackTime=\"\"\n            data-relatedTrack=\"\"\n            data-post-url=\"\"\n            ><span class=\"store-list\"><\/span><\/li><li \n            class=\"sr-playlist-item sr-playlist-item-flex\" \n            data-audiopath=\"http:\/\/www.cetaradio.fr\/media\/podcasts\/TouZAzimut\/rec_2021-03-05_15h06m24s.mp3\"\n            data-showloading=\"1\"\n            data-albumTitle=\"http:\/\/www.cetaradio.fr\/media\/podcasts\/TouZAzimut\"\n            data-albumArt=\"http:\/\/nouveausite.cetaradio.fr\/cetawp\/wp-content\/uploads\/2025\/10\/CETA-Radio-e1761171161989.jpeg\"\n            data-releasedate=\"\"\n            data-date=\"2 janvier 2021\"\n            data-show-date=\"\"\n            data-trackTitle=\"TouZAzimut du 03-05-2021\"\n            data-trackID=\"\"\n            data-trackTime=\"\"\n            data-relatedTrack=\"\"\n            data-post-url=\"\"\n            ><span class=\"store-list\"><div class=\"song-store-list-menu\"><i class=\"fas fa-ellipsis-v\"><\/i><div class=\"song-store-list-container\"><\/div><\/div><\/span><\/li><\/ul><\/div><\/div><\/div><div class=\"album-player\"><div class=\"track-title\"><\/div> <div class=\"player \" ><div class=\"sr_progressbar\">\n                \n            <div class=\"currentTime\"><\/div>\n         \n                <div id=\"arbitrary-instance-6a06d9098ee97-9642b7dd43-wave\" class=\"wave\" >\n                \n            <div class=\"sonaar_fake_wave\" style=\"height:70px\">\n                <audio src=\"\" class=\"sonaar_media_element\"><\/audio>\n                <div class=\"sonaar_wave_base\">\n                    <canvas id=arbitrary-instance-6a06d9098ee97-container class=\"\" height=\"70\" width=\"2540\"><\/canvas>\n                    <svg><\/svg>\n                <\/div>\n                <div class=\"sonaar_wave_cut\">\n                    <canvas id=arbitrary-instance-6a06d9098ee97-progress class=\"\" height=\"70\" width=\"2540\"><\/canvas>\n                    <svg><\/svg>\n                <\/div>\n            <\/div> \n                <\/div>\n                \n            <div class=\"totalTime\"><\/div>\n         \n             <\/div><div class=\"srp_main_control srp_oneColumn\"><div class=\"control\"><div class=\"previous\" style=\"opacity:0;\">\n                <svg version=\"1.1\" id=\"Layer_1\" xmlns=\"http:\/\/www.w3.org\/2000\/svg\" xmlns:xlink=\"http:\/\/www.w3.org\/1999\/xlink\" width=\"16\" height=\"18.33\" x=\"0px\" y=\"0px\" viewBox=\"0 0 10.2 11.7\" style=\"enable-background:new 0 0 10.2 11.7;\" xml:space=\"preserve\">\n                    <polygon points=\"10.2,0 1.4,5.3 1.4,0 0,0 0,11.7 1.4,11.7 1.4,6.2 10.2,11.7\"\/>\n                <\/svg>\n            <\/div><div class=\"play\" style=\"opacity:0;\">\n                <svg version=\"1.1\" xmlns=\"http:\/\/www.w3.org\/2000\/svg\" xmlns:xlink=\"http:\/\/www.w3.org\/1999\/xlink\" width=\"26\" height=\"31.47\" x=\"0px\" y=\"0px\" viewBox=\"0 0 17.5 21.2\" style=\"enable-background:new 0 0 17.5 21.2;\" xml:space=\"preserve\">\n                    <path d=\"M0,0l17.5,10.9L0,21.2V0z\"\/>\n                    <rect width=\"6\" height=\"21.2\"\/>\n                    <rect x=\"11.5\" width=\"6\" height=\"21.2\"\/>\n                <\/svg>\n            <\/div><div class=\"next\" style=\"opacity:0;\">\n                <svg version=\"1.1\" xmlns=\"http:\/\/www.w3.org\/2000\/svg\" xmlns:xlink=\"http:\/\/www.w3.org\/1999\/xlink\" width=\"16\" height=\"18.33\" x=\"0px\" y=\"0px\" viewBox=\"0 0 10.2 11.7\" style=\"enable-background:new 0 0 10.2 11.7;\" xml:space=\"preserve\">\n                    <polygon points=\"0,11.7 8.8,6.4 8.8,11.7 10.2,11.7 10.2,0 8.8,0 8.8,5.6 0,0\"\/>\n                <\/svg>\n            <\/div><\/div><div class=\"control\"><\/div><\/div><\/div><\/div><div class=\"album-store\">\n                <div class=\"buttons-block\">\n                    <div class=\"ctnButton-block\">\n                        <div class=\"available-now\">Available now on:\n                        <\/div>\n                        <ul class=\"store-list\"><li><a class=\"button\" data-source-post-id=\"1771\" data-store-id=\"a-0\" href=\"http:\/\/www.cetaradio.fr\/media\/podcasts\/TouZAzimut\/\" target=\"_self\"><i class=\"fas fa-download\"><\/i><\/a><\/li>\n                        <\/ul>\n                    <\/div>\n                <\/div><\/div><\/div><\/article>\t\t\t\t<\/div>\n\t\t\t\t<\/div>\n\t\t\t\t<div class=\"elementor-element elementor-element-2f556f1 elementor-widget elementor-widget-heading\" data-id=\"2f556f1\" data-element_type=\"widget\" data-e-type=\"widget\" data-widget_type=\"heading.default\">\n\t\t\t\t<div class=\"elementor-widget-container\">\n\t\t\t\t\t<h2 class=\"elementor-heading-title elementor-size-default\">Le Direct sur Twitch et le chat<\/h2>\t\t\t\t<\/div>\n\t\t\t\t<\/div>\n\t\t\t\t<section class=\"elementor-section elementor-inner-section elementor-element elementor-element-78faacf elementor-section-boxed elementor-section-height-default elementor-section-height-default\" data-id=\"78faacf\" data-element_type=\"section\" data-e-type=\"section\">\n\t\t\t\t\t\t<div class=\"elementor-container elementor-column-gap-default\">\n\t\t\t\t\t<div class=\"elementor-column elementor-col-50 elementor-inner-column elementor-element elementor-element-fd75fa0\" data-id=\"fd75fa0\" data-element_type=\"column\" data-e-type=\"column\">\n\t\t\t<div class=\"elementor-widget-wrap elementor-element-populated\">\n\t\t\t\t\t\t<div class=\"elementor-element elementor-element-06161bd elementor-widget elementor-widget-html\" data-id=\"06161bd\" data-element_type=\"widget\" data-e-type=\"widget\" data-widget_type=\"html.default\">\n\t\t\t\t<div class=\"elementor-widget-container\">\n\t\t\t\t\t<iframe\n  src=\"https:\/\/player.twitch.tv\/?channel=cetaradio&parent=nouveausite.cetaradio.fr\"\n  allowfullscreen\n  frameborder=\"0\"\n  style=\"aspect-ratio: 16 \/ 9; width: 100%;\">\n<\/iframe>\n\t\t\t\t<\/div>\n\t\t\t\t<\/div>\n\t\t\t\t\t<\/div>\n\t\t<\/div>\n\t\t\t\t<div class=\"elementor-column elementor-col-50 elementor-inner-column elementor-element elementor-element-03d8b96\" data-id=\"03d8b96\" data-element_type=\"column\" data-e-type=\"column\">\n\t\t\t<div class=\"elementor-widget-wrap elementor-element-populated\">\n\t\t\t\t\t\t<div class=\"elementor-element elementor-element-1376ac0 elementor-widget elementor-widget-html\" data-id=\"1376ac0\" data-element_type=\"widget\" data-e-type=\"widget\" data-widget_type=\"html.default\">\n\t\t\t\t<div class=\"elementor-widget-container\">\n\t\t\t\t\t<iframe\n  src=\"https:\/\/www.twitch.tv\/embed\/cetaradio\/chat?parent=nouveausite.cetaradio.fr\"\n  width=\"100%\"\n  height=\"300\"\n  frameborder=\"0\">\n<\/iframe>\n\t\t\t\t<\/div>\n\t\t\t\t<\/div>\n\t\t\t\t\t<\/div>\n\t\t<\/div>\n\t\t\t\t\t<\/div>\n\t\t<\/section>\n\t\t\t\t\t<\/div>\n\t\t<\/div>\n\t\t\t\t\t<\/div>\n\t\t<\/section>\n\t\t\t\t<section class=\"elementor-section elementor-top-section elementor-element elementor-element-1432c0e0 elementor-section-boxed elementor-section-height-default elementor-section-height-default\" data-id=\"1432c0e0\" data-element_type=\"section\" data-e-type=\"section\">\n\t\t\t\t\t\t<div class=\"elementor-container elementor-column-gap-default\">\n\t\t\t\t\t<div class=\"elementor-column elementor-col-100 elementor-top-column elementor-element elementor-element-74f036e6\" data-id=\"74f036e6\" data-element_type=\"column\" data-e-type=\"column\">\n\t\t\t<div class=\"elementor-widget-wrap elementor-element-populated\">\n\t\t\t\t\t\t<div class=\"elementor-element elementor-element-d11c72d elementor-widget elementor-widget-text-editor\" data-id=\"d11c72d\" data-element_type=\"widget\" data-e-type=\"widget\" data-widget_type=\"text-editor.default\">\n\t\t\t\t<div class=\"elementor-widget-container\">\n\t\t\t\t\t\t\t\t\t\n<figure class=\"wp-block-audio\"><audio src=\"http:\/\/www.cetaradio.fr\/media\/podcasts\/TouZAzimut\/rec_2020-05-22_19h11m36s.mp3\" controls=\"controls\"><\/audio>\n<figcaption>Du 22\/05\/2020<\/figcaption>\n<\/figure>\n\n<figure class=\"wp-block-audio\"><audio src=\"http:\/\/www.cetaradio.fr\/media\/podcasts\/TouZAzimut\/rec_2020-06-05_19h02m14s.mp3\" controls=\"controls\"><\/audio>\n<figcaption>Du 05\/06\/2020<\/figcaption>\n<\/figure>\n\n<p>\u00a0<\/p>\n\t\t\t\t\t\t\t\t<\/div>\n\t\t\t\t<\/div>\n\t\t\t\t\t<\/div>\n\t\t<\/div>\n\t\t\t\t\t<\/div>\n\t\t<\/section>\n\t\t\t\t<\/div>\n\t\t","protected":false},"excerpt":{"rendered":"<p>Tou&rsquo;Z&rsquo;Azimut : l\u2019\u00e9mission de chroniques, d\u2019infos de d\u00e9bats et de partage ! Retrouvez chaque vendredis Patrick ainsi que les chroniqueurs en studio, L&rsquo;info \u00e0 20H d&rsquo;anthonyanalyse., la m\u00e9t\u00e9o de Ma\u00eetre Christian, la chronique musicale \u00ab\u00a01 Chanson, 1 Histoire\u00a0\u00bb de Sylvie, les chroniques de Bertrand, etc&#8230; ! R\u00e9agissez sur twitch.tv\/cetaradio (obligation de cr\u00e9er un compte) pendant &hellip; <\/p>\n<p class=\"link-more\"><a href=\"http:\/\/nouveausite.cetaradio.fr\/cetawp\/index.php\/touzazimut-4\/\" class=\"more-link\">Continuer la lecture<span class=\"screen-reader-text\"> de &laquo;&nbsp;Tou&rsquo;Z&rsquo;azimut&nbsp;&raquo;<\/span><\/a><\/p>\n","protected":false},"author":1,"featured_media":0,"parent":0,"menu_order":0,"comment_status":"closed","ping_status":"closed","template":"","meta":{"h5ap_radio_sources":[],"footnotes":""},"class_list":["post-1524","page","type-page","status-publish","hentry"],"_links":{"self":[{"href":"http:\/\/nouveausite.cetaradio.fr\/cetawp\/index.php\/wp-json\/wp\/v2\/pages\/1524","targetHints":{"allow":["GET"]}}],"collection":[{"href":"http:\/\/nouveausite.cetaradio.fr\/cetawp\/index.php\/wp-json\/wp\/v2\/pages"}],"about":[{"href":"http:\/\/nouveausite.cetaradio.fr\/cetawp\/index.php\/wp-json\/wp\/v2\/types\/page"}],"author":[{"embeddable":true,"href":"http:\/\/nouveausite.cetaradio.fr\/cetawp\/index.php\/wp-json\/wp\/v2\/users\/1"}],"replies":[{"embeddable":true,"href":"http:\/\/nouveausite.cetaradio.fr\/cetawp\/index.php\/wp-json\/wp\/v2\/comments?post=1524"}],"version-history":[{"count":51,"href":"http:\/\/nouveausite.cetaradio.fr\/cetawp\/index.php\/wp-json\/wp\/v2\/pages\/1524\/revisions"}],"predecessor-version":[{"id":5442,"href":"http:\/\/nouveausite.cetaradio.fr\/cetawp\/index.php\/wp-json\/wp\/v2\/pages\/1524\/revisions\/5442"}],"wp:attachment":[{"href":"http:\/\/nouveausite.cetaradio.fr\/cetawp\/index.php\/wp-json\/wp\/v2\/media?parent=1524"}],"curies":[{"name":"wp","href":"https:\/\/api.w.org\/{rel}","templated":true}]}}