{"id":1808,"date":"2021-01-18T00:07:14","date_gmt":"2021-01-17T23:07:14","guid":{"rendered":"http:\/\/nouveausite.cetaradio.fr\/cetawp\/?page_id=1808"},"modified":"2026-03-18T19:01:03","modified_gmt":"2026-03-18T18:01:03","slug":"autour-de-la-musique-3-2","status":"publish","type":"page","link":"http:\/\/nouveausite.cetaradio.fr\/cetawp\/index.php\/autour-de-la-musique-3-2\/","title":{"rendered":"Autour de la Musique"},"content":{"rendered":"<p><img decoding=\"async\" src=\"http:\/\/nouveausite.cetaradio.fr\/cetawp\/wp-content\/uploads\/elementor\/thumbs\/Logo-Adlm-p7lrwru4i8ce0etyk05qe72x6ajrh5fof2kvjkcmuw.png\" title=\"Logo Adlm\" alt=\"Logo Adlm\" \/>\t\t\t\t\t\t\t\t\t\t\t\t\t\t<\/p>\n<p>Des d\u00e9couvertes,\u00a0des infos, du divertissement, de la musique, du jeu vid\u00e9o (en lien avec la musique)<br \/>C&rsquo;est \u00e7a \u00ab\u00a0<strong>Autour de la Musique<\/strong>\u00a0\u00bb !!!<\/p>\n<p>R\u00e9alis\u00e9 et pr\u00e9sent\u00e9 par Vincent VDB et de futurs Chroniqueurs (si l&rsquo;envie vous vient de parler musique)<\/p>\n<h2>L&rsquo;\u00e9mission \u00ab\u00a0Autour de la Musique\u00a0\u00bb <\/h2>\n<p style=\"text-align: left;\"><em><strong>Autour de la Musique la grande \u00e9mission d&rsquo;une heure trente, avec de la d\u00e9couverte, de l&rsquo;interview, proposition d&rsquo;album etc&#8230;. <\/strong><\/em><br \/><em><strong>c&rsquo;est l&rsquo;\u00e9mission incontournable de la musique et pour les amateurs de musique.\u00a0<\/strong><\/em><\/p>\n<p style=\"text-align: left;\"><em style=\"text-align: center;\"><strong>Emission actuellement en stand-by.<\/strong><\/em><\/p>\n<p style=\"text-align: left;\"><em style=\"text-align: center;\"><strong>Les Podcasts de l&rsquo;\u00e9mission se trouvent en bas de cette page !\u00a0<\/strong><\/em><\/p>\n<h2>La Chronique Flash  \u00ab\u00a0Autour de la Musique\u00a0\u00bb <\/h2>\n<p style=\"text-align: left;\"><em><strong>La chronique Autour de la Musique pour d\u00e9couvrir en un instant des artistes et des groupes avec la diffusion de deux singles y compris la pr\u00e9sentation.<\/strong><\/em><\/p>\n<p style=\"text-align: left;\"><em style=\"text-align: center;\"><strong>Habituellement diffus\u00e9e en avant premi\u00e8re le Lundi \u00e0 19h \u00e0 la place de la grande \u00e9mission et en rediffusion \u00e0 15h le reste de la semaine.\u00a0<\/strong><\/em><\/p>\n<p style=\"text-align: left;\"><em style=\"text-align: center;\"><strong>Retrouvez la Mise en Lumi\u00e8re des groupes et artistes diffus\u00e9s juste en dessous.<\/strong><\/em><\/p>\n<article class=\"iron_widget_radio\"><div class=\"iron-audioplayer  sonaar-no-artwork sr_waveform_mediaElement\" id=\"arbitrary-instance-69e3d224b8f54-cc855084a3\" data-id=\"arbitrary-instance-69e3d224b8f54\" data-albums=\"1808\"data-url-playlist=\"http:\/\/nouveausite.cetaradio.fr\/cetawp\/?load=playlist.json&#038;title=&#038;albums=1808&#038;feed_title=&#038;feed=&#038;feed_img=&#038;el_widget_id=&#038;artwork=\" data-sticky-player=\"\" data-shuffle=\"1\" data-playlist_title=\"\" data-scrollbar=\"\" data-wave-color=\"1\" data-wave-progress-color=\"1\" data-no-wave=\"\" data-hide-progressbar=\"\" data-feedurl=\"0\" data-notrackskip=\"\" data-playertype=\"\" data-playertemplate =\"skin_float_tracklist\" data-speedrate=\"1\" style=\"opacity:0;\"><div class=\"sonaar-grid\" style=&quot;display:none;&quot;><div class=\"playlist\"><div class=\"sr_it-playlist-title\"><\/div><div class=\"srp_subtitle\"><\/div><div class=\"srp_tracklist\"><ul class\"\"><li \n            class=\"sr-playlist-item sr-playlist-item-flex\" \n            data-audiopath=\"http:\/\/nouveausite.cetaradio.fr\/cetawp\/wp-content\/uploads\/2021\/06\/rec_2021-05-22_17h25m26s1.mp3\"\n            data-showloading=\"1\"\n            data-albumTitle=\"Autour de la Musique\"\n            data-albumArt=\"\"\n            data-releasedate=\"\"\n            data-date=\"18 janvier 2021\"\n            data-show-date=\"\"\n            data-trackTitle=\"Podcast du 22\/05\/2021 avec l\u2019interview de Nagoya\"\n            data-trackID=\"2534\"\n            data-trackTime=\"1:07:49\"\n            data-relatedTrack=\"\"\n            data-post-url=\"\"\n            ><span class=\"store-list\"><\/span><\/li><li \n            class=\"sr-playlist-item sr-playlist-item-flex\" \n            data-audiopath=\"http:\/\/www.cetaradio.fr\/media\/podcasts\/AutourdelaMusique\/rec_2021-06-16_15h04m02s.mp3\"\n            data-showloading=\"1\"\n            data-albumTitle=\"Podcasts Autour de la Musique\"\n            data-albumArt=\"http:\/\/nouveausite.cetaradio.fr\/cetawp\/wp-content\/uploads\/2021\/05\/Logo-Adlm-150x150.png\"\n            data-releasedate=\"\"\n            data-date=\"18 janvier 2021\"\n            data-show-date=\"\"\n            data-trackTitle=\"Autour de la Musique 2021-06-14\"\n            data-trackID=\"\"\n            data-trackTime=\"\"\n            data-relatedTrack=\"\"\n            data-post-url=\"\"\n            ><span class=\"store-list\"><\/span><\/li><li \n            class=\"sr-playlist-item sr-playlist-item-flex\" \n            data-audiopath=\"http:\/\/www.cetaradio.fr\/media\/podcasts\/AutourdelaMusique\/rec_2021-06-21_19h04m06s.mp3\"\n            data-showloading=\"1\"\n            data-albumTitle=\"Autour de la Musique\"\n            data-albumArt=\"\"\n            data-releasedate=\"\"\n            data-date=\"18 janvier 2021\"\n            data-show-date=\"\"\n            data-trackTitle=\"Autour de la Musique 2021-06-21\"\n            data-trackID=\"\"\n            data-trackTime=\"\"\n            data-relatedTrack=\"\"\n            data-post-url=\"\"\n            ><span class=\"store-list\"><\/span><\/li><li \n            class=\"sr-playlist-item sr-playlist-item-flex\" \n            data-audiopath=\"http:\/\/www.cetaradio.fr\/media\/podcasts\/AutourdelaMusique\/rec_2021-06-23_15h04m52s.mp3\"\n            data-showloading=\"1\"\n            data-albumTitle=\"Autour de la Musique\"\n            data-albumArt=\"\"\n            data-releasedate=\"\"\n            data-date=\"18 janvier 2021\"\n            data-show-date=\"\"\n            data-trackTitle=\"Autour de la Musique 2021-06-23\"\n            data-trackID=\"\"\n            data-trackTime=\"\"\n            data-relatedTrack=\"\"\n            data-post-url=\"\"\n            ><span class=\"store-list\"><\/span><\/li><li \n            class=\"sr-playlist-item sr-playlist-item-flex\" \n            data-audiopath=\"http:\/\/www.cetaradio.fr\/media\/podcasts\/AutourdelaMusique\/rec_2021-07-06_15h00m05s.mp3\"\n            data-showloading=\"1\"\n            data-albumTitle=\"Autour de la Musique\"\n            data-albumArt=\"http:\/\/nouveausite.cetaradio.fr\/cetawp\/wp-content\/uploads\/2021\/05\/Logo-Adlm-150x150.png\"\n            data-releasedate=\"\"\n            data-date=\"18 janvier 2021\"\n            data-show-date=\"\"\n            data-trackTitle=\"Autour de la Musique 2021-07-06\"\n            data-trackID=\"\"\n            data-trackTime=\"\"\n            data-relatedTrack=\"\"\n            data-post-url=\"\"\n            ><span class=\"store-list\"><\/span><\/li><li \n            class=\"sr-playlist-item sr-playlist-item-flex\" \n            data-audiopath=\"http:\/\/www.cetaradio.fr\/media\/podcasts\/AutourdelaMusique\/rec_2021-09-18_16h42m54s.mp3\"\n            data-showloading=\"1\"\n            data-albumTitle=\"Autour de la Musique\"\n            data-albumArt=\"\"\n            data-releasedate=\"\"\n            data-date=\"18 janvier 2021\"\n            data-show-date=\"\"\n            data-trackTitle=\"Autour de la Musique 2021-09-18\"\n            data-trackID=\"\"\n            data-trackTime=\"\"\n            data-relatedTrack=\"\"\n            data-post-url=\"\"\n            ><span class=\"store-list\"><\/span><\/li><li \n            class=\"sr-playlist-item sr-playlist-item-flex\" \n            data-audiopath=\"http:\/\/www.cetaradio.fr\/media\/podcasts\/AutourdelaMusique\/rec_2022-01-24_19h12m10s.mp3\"\n            data-showloading=\"1\"\n            data-albumTitle=\"Autour de la Musique\"\n            data-albumArt=\"\"\n            data-releasedate=\"\"\n            data-date=\"18 janvier 2021\"\n            data-show-date=\"\"\n            data-trackTitle=\"Autour de la Musique 2022-01-24\"\n            data-trackID=\"\"\n            data-trackTime=\"\"\n            data-relatedTrack=\"\"\n            data-post-url=\"\"\n            ><span class=\"store-list\"><\/span><\/li><\/ul><\/div><\/div><\/div><div class=\"album-player\"><div class=\"album-title\"><\/div><div class=\"track-title\"><\/div> <div class=\"player \" ><div class=\"sr_progressbar\">\n                \n            <div class=\"currentTime\"><\/div>\n         \n                <div id=\"arbitrary-instance-69e3d224b8f54-c98bc5608f-wave\" class=\"wave\" >\n                \n            <div class=\"sonaar_fake_wave\" style=\"height:70px\">\n                <audio src=\"\" class=\"sonaar_media_element\"><\/audio>\n                <div class=\"sonaar_wave_base\">\n                    <canvas id=arbitrary-instance-69e3d224b8f54-container class=\"\" height=\"70\" width=\"2540\"><\/canvas>\n                    <svg><\/svg>\n                <\/div>\n                <div class=\"sonaar_wave_cut\">\n                    <canvas id=arbitrary-instance-69e3d224b8f54-progress class=\"\" height=\"70\" width=\"2540\"><\/canvas>\n                    <svg><\/svg>\n                <\/div>\n            <\/div> \n                <\/div>\n                \n            <div class=\"totalTime\"><\/div>\n         \n             <\/div><div class=\"srp_main_control srp_oneColumn\"><div class=\"control\"><div class=\"previous\" style=\"opacity:0;\">\n                <svg version=\"1.1\" id=\"Layer_1\" xmlns=\"http:\/\/www.w3.org\/2000\/svg\" xmlns:xlink=\"http:\/\/www.w3.org\/1999\/xlink\" width=\"16\" height=\"18.33\" x=\"0px\" y=\"0px\" viewBox=\"0 0 10.2 11.7\" style=\"enable-background:new 0 0 10.2 11.7;\" xml:space=\"preserve\">\n                    <polygon points=\"10.2,0 1.4,5.3 1.4,0 0,0 0,11.7 1.4,11.7 1.4,6.2 10.2,11.7\"\/>\n                <\/svg>\n            <\/div><div class=\"play\" style=\"opacity:0;\">\n                <svg version=\"1.1\" xmlns=\"http:\/\/www.w3.org\/2000\/svg\" xmlns:xlink=\"http:\/\/www.w3.org\/1999\/xlink\" width=\"26\" height=\"31.47\" x=\"0px\" y=\"0px\" viewBox=\"0 0 17.5 21.2\" style=\"enable-background:new 0 0 17.5 21.2;\" xml:space=\"preserve\">\n                    <path d=\"M0,0l17.5,10.9L0,21.2V0z\"\/>\n                    <rect width=\"6\" height=\"21.2\"\/>\n                    <rect x=\"11.5\" width=\"6\" height=\"21.2\"\/>\n                <\/svg>\n            <\/div><div class=\"next\" style=\"opacity:0;\">\n                <svg version=\"1.1\" xmlns=\"http:\/\/www.w3.org\/2000\/svg\" xmlns:xlink=\"http:\/\/www.w3.org\/1999\/xlink\" width=\"16\" height=\"18.33\" x=\"0px\" y=\"0px\" viewBox=\"0 0 10.2 11.7\" style=\"enable-background:new 0 0 10.2 11.7;\" xml:space=\"preserve\">\n                    <polygon points=\"0,11.7 8.8,6.4 8.8,11.7 10.2,11.7 10.2,0 8.8,0 8.8,5.6 0,0\"\/>\n                <\/svg>\n            <\/div><\/div><div class=\"control\"><\/div><\/div><\/div><\/div><div class=\"album-store\"><\/div><\/div><\/article>\n","protected":false},"excerpt":{"rendered":"<p>Des d\u00e9couvertes,\u00a0des infos, du divertissement, de la musique, du jeu vid\u00e9o (en lien avec la musique)C&rsquo;est \u00e7a \u00ab\u00a0Autour de la Musique\u00a0\u00bb !!! R\u00e9alis\u00e9 et pr\u00e9sent\u00e9 par Vincent VDB et de futurs Chroniqueurs (si l&rsquo;envie vous vient de parler musique) L&rsquo;\u00e9mission \u00ab\u00a0Autour de la Musique\u00a0\u00bb Autour de la Musique la grande \u00e9mission d&rsquo;une heure trente, avec &hellip; <\/p>\n<p class=\"link-more\"><a href=\"http:\/\/nouveausite.cetaradio.fr\/cetawp\/index.php\/autour-de-la-musique-3-2\/\" class=\"more-link\">Continuer la lecture<span class=\"screen-reader-text\"> de &laquo;&nbsp;Autour de la Musique&nbsp;&raquo;<\/span><\/a><\/p>\n","protected":false},"author":1,"featured_media":0,"parent":0,"menu_order":0,"comment_status":"closed","ping_status":"closed","template":"","meta":{"h5ap_radio_sources":[],"footnotes":""},"class_list":["post-1808","page","type-page","status-publish","hentry"],"_links":{"self":[{"href":"http:\/\/nouveausite.cetaradio.fr\/cetawp\/index.php\/wp-json\/wp\/v2\/pages\/1808","targetHints":{"allow":["GET"]}}],"collection":[{"href":"http:\/\/nouveausite.cetaradio.fr\/cetawp\/index.php\/wp-json\/wp\/v2\/pages"}],"about":[{"href":"http:\/\/nouveausite.cetaradio.fr\/cetawp\/index.php\/wp-json\/wp\/v2\/types\/page"}],"author":[{"embeddable":true,"href":"http:\/\/nouveausite.cetaradio.fr\/cetawp\/index.php\/wp-json\/wp\/v2\/users\/1"}],"replies":[{"embeddable":true,"href":"http:\/\/nouveausite.cetaradio.fr\/cetawp\/index.php\/wp-json\/wp\/v2\/comments?post=1808"}],"version-history":[{"count":169,"href":"http:\/\/nouveausite.cetaradio.fr\/cetawp\/index.php\/wp-json\/wp\/v2\/pages\/1808\/revisions"}],"predecessor-version":[{"id":3942,"href":"http:\/\/nouveausite.cetaradio.fr\/cetawp\/index.php\/wp-json\/wp\/v2\/pages\/1808\/revisions\/3942"}],"wp:attachment":[{"href":"http:\/\/nouveausite.cetaradio.fr\/cetawp\/index.php\/wp-json\/wp\/v2\/media?parent=1808"}],"curies":[{"name":"wp","href":"https:\/\/api.w.org\/{rel}","templated":true}]}}