{"id":34,"date":"2019-07-07T21:34:42","date_gmt":"2019-07-07T19:34:42","guid":{"rendered":"http:\/\/nouveausite.cetaradio.fr\/cetawp\/?page_id=34"},"modified":"2025-07-25T15:55:41","modified_gmt":"2025-07-25T13:55:41","slug":"evenements","status":"publish","type":"page","link":"http:\/\/nouveausite.cetaradio.fr\/cetawp\/index.php\/evenements\/","title":{"rendered":"Ev\u00e9nements"},"content":{"rendered":"\t\t<div data-elementor-type=\"wp-page\" data-elementor-id=\"34\" class=\"elementor elementor-34\">\n\t\t\t\t\t\t<section class=\"elementor-section elementor-top-section elementor-element elementor-element-34f0ed4 elementor-section-boxed elementor-section-height-default elementor-section-height-default\" data-id=\"34f0ed4\" data-element_type=\"section\" data-e-type=\"section\">\n\t\t\t\t\t\t<div class=\"elementor-container elementor-column-gap-default\">\n\t\t\t\t\t<div class=\"elementor-column elementor-col-100 elementor-top-column elementor-element elementor-element-63372597\" data-id=\"63372597\" data-element_type=\"column\" data-e-type=\"column\">\n\t\t\t<div class=\"elementor-widget-wrap elementor-element-populated\">\n\t\t\t\t\t\t<div class=\"elementor-element elementor-element-26c2f2f6 elementor-widget elementor-widget-text-editor\" data-id=\"26c2f2f6\" data-element_type=\"widget\" data-e-type=\"widget\" data-widget_type=\"text-editor.default\">\n\t\t\t\t<div class=\"elementor-widget-container\">\n\t\t\t\t\t\t\t\t\t<hr class=\"wp-block-separator has-text-color has-vivid-cyan-blue-color has-css-opacity has-vivid-cyan-blue-background-color has-background is-style-wide\">\n<p><!-- \/wp:separator --><!-- wp:heading {\"textAlign\":\"center\",\"level\":1,\"style\":{\"typography\":{\"textTransform\":\"uppercase\",\"fontStyle\":\"normal\",\"fontWeight\":\"600\"}},\"fontSize\":\"medium\"} --><\/p>\n<h1 id=\"planning-des-dates-evenements-de-ceta-radio\" class=\"wp-block-heading has-text-align-center has-medium-font-size\" style=\"font-style: normal; font-weight: 600; text-transform: uppercase;\"><mark class=\"has-inline-color has-vivid-cyan-blue-color\" style=\"background-color: rgba(0, 0, 0, 0);\">Planning des dates \u00e9v\u00e9nements de CETA Radio ! <\/mark><\/h1>\n<p><!-- \/wp:heading --><!-- wp:paragraph {\"align\":\"left\",\"style\":{\"typography\":{\"lineHeight\":\"1.7\"}},\"fontSize\":\"small\"} --><\/p>\n<h1 class=\"wp-block-media-text__media\" style=\"text-align: center;\"><strong>Ev\u00e8nements pass\u00e9s en 2024<\/strong><\/h1>\n<p><!-- \/wp:paragraph --><!-- wp:separator {\"opacity\":\"css\",\"backgroundColor\":\"very-dark-gray\",\"className\":\"is-style-wide\"} --><\/p>\n\n<p><!-- \/wp:separator --><!-- wp:separator {\"opacity\":\"css\"} --><\/p>\n\n<p><!-- \/wp:separator --><!-- wp:media-text {\"align\":\"wide\",\"mediaId\":4294,\"mediaLink\":\"https:\/\/nouveausite.cetaradio.fr\/cetawp\/index.php\/evenements\/429746066_279294448523109_3716145198713089676_n\/\",\"mediaType\":\"image\"} --><\/p>\n<div class=\"wp-block-media-text alignwide is-stacked-on-mobile\">\n<h1 class=\"wp-block-media-text__media\" style=\"text-align: center;\"><img decoding=\"async\" class=\"wp-image-4294 size-full\" src=\"https:\/\/nouveausite.cetaradio.fr\/cetawp\/wp-content\/uploads\/2024\/03\/429746066_279294448523109_3716145198713089676_n-727x1024.jpg\" alt=\"\"><\/h1>\n<div class=\"wp-block-media-text__content\">\n<p><!-- wp:paragraph {\"placeholder\":\"Contenu\u2026\"} --><\/p>\n<p style=\"font-size: 18px;\"><span style=\"color: #000000;\"><strong>Chantons avec CETA RADIO<\/strong><\/span><\/p>\n<p class=\"has-text-align-right has-medium-font-size\"><span style=\"color: #000000;\"><strong>&#8211; le 05 Mai 2024<\/strong><\/span><\/p>\n<p><span style=\"color: #000000;\"><strong>Le quatri\u00e8me concours de chant&nbsp;<\/strong><\/span><\/p>\n<p style=\"text-align: right;\"><span style=\"color: #000000;\"><strong>Entr\u00e9e gratuite<\/strong><\/span><\/p>\n<p><span style=\"color: #000000;\"><strong><!-- \/wp:paragraph --><!-- wp:paragraph {\"placeholder\":\"Contenu\u2026\"} --><\/strong><\/span><\/p>\n<p class=\"has-text-align-right\">\n<\/p><p><span style=\"color: #000000;\"><strong><!-- \/wp:paragraph --><\/strong><\/span><\/p>\n<\/div>\n<\/div>\n<p><span style=\"color: #000000;\"><strong><!-- \/wp:media-text --><!-- wp:media-text {\"align\":\"wide\",\"mediaPosition\":\"right\",\"mediaId\":4296,\"mediaLink\":\"https:\/\/nouveausite.cetaradio.fr\/cetawp\/index.php\/evenements\/affiche-forum-culturel-cetaradio-1-1\/\",\"mediaType\":\"image\"} --><\/strong><\/span><\/p>\n<div class=\"wp-block-media-text alignwide has-media-on-the-right is-stacked-on-mobile\">\n<div class=\"wp-block-media-text__content\">\n<p><span style=\"color: #000000;\"><strong><!-- wp:paragraph {\"placeholder\":\"Contenu\u2026\"} --><\/strong><\/span><\/p>\n<p class=\"has-text-align-right\">\n<\/p><p><!-- \/wp:paragraph --><!-- wp:paragraph {\"placeholder\":\"Contenu\u2026\"} --><\/p>\n<p><!-- \/wp:paragraph --><\/p>\n<\/div>\n<figure class=\"wp-block-media-text__media\"><\/figure>\n<\/div>\n<p><!-- \/wp:media-text --><!-- wp:paragraph {\"align\":\"center\",\"fontSize\":\"large\"} --><\/p>\n<p class=\"has-text-align-center has-large-font-size\"><strong>Ev\u00e8nements pass\u00e9s en 2023<\/strong><\/p>\n<p><!-- \/wp:paragraph --><!-- wp:separator {\"opacity\":\"css\"} --><\/p>\n<hr class=\"wp-block-separator has-css-opacity\">\n<p><!-- \/wp:separator --><!-- wp:media-text {\"align\":\"wide\",\"mediaId\":4013,\"mediaLink\":\"https:\/\/nouveausite.cetaradio.fr\/cetawp\/index.php\/evenements\/abstract-colorful-shapes-background\/\",\"mediaType\":\"image\"} --><\/p>\n<div class=\"wp-block-media-text alignwide is-stacked-on-mobile\">\n<figure class=\"wp-block-media-text__media\"><img decoding=\"async\" class=\"wp-image-4013 size-full\" src=\"https:\/\/nouveausite.cetaradio.fr\/cetawp\/wp-content\/uploads\/2023\/03\/Flyer-CETA-Radio-Live3-727x1024.jpg\" alt=\"\"><\/figure>\n<div class=\"wp-block-media-text__content\">\n<p><!-- wp:paragraph {\"placeholder\":\"Contenu\u2026\"} --><\/p>\n<p style=\"font-size: 18px;\"><strong>CETA RADIO Live <\/strong><\/p>\n<p class=\"has-text-align-right has-medium-font-size\">&#8211; le 13 Mai 202<span style=\"font-size: revert;\">3 <\/span><\/p>\n<p class=\"has-text-align-right\">Prochainement avec <span style=\"font-size: revert;\">MALO\u00c9, HOPE FAMILY &amp; HERNEST<\/span><\/p>\n<p><!-- \/wp:paragraph --><!-- wp:paragraph {\"placeholder\":\"Contenu\u2026\"} --><\/p>\n<p class=\"has-text-align-right\"><a class=\"maxbutton-2 maxbutton maxbutton-page-nas-live\" target=\"_blank\" rel=\"noopener\" href=\"http:\/\/www.cetaradio.fr\/index.php\/lenordacousticshowlive\/\"><span class='mb-text'>Plus d&#039;infos NAS Live<\/span><\/a><\/p>\n<p><!-- \/wp:paragraph --><\/p>\n<\/div>\n<\/div>\n<p><!-- \/wp:media-text --><!-- wp:separator {\"opacity\":\"css\"} --><\/p>\n<hr class=\"wp-block-separator has-css-opacity\">\n<p><!-- \/wp:separator --><!-- wp:media-text {\"align\":\"wide\",\"mediaPosition\":\"right\",\"mediaId\":3165,\"mediaLink\":\"http:\/\/nouveausite.cetaradio.fr\/cetawp\/index.php\/evenements\/logo-nqe\/\",\"mediaType\":\"image\"} --><\/p>\n<div class=\"wp-block-media-text alignwide has-media-on-the-right is-stacked-on-mobile\">\n<div class=\"wp-block-media-text__content\">\n<p><!-- wp:paragraph {\"placeholder\":\"Contenu\u2026\",\"style\":{\"typography\":{\"fontSize\":\"18px\"}}} --><\/p>\n<p style=\"font-size: 18px;\"><strong>Les Quartiers d&rsquo;Et\u00e9 de Harnes<\/strong><\/p>\n<p><!-- \/wp:paragraph --><!-- wp:paragraph {\"align\":\"right\",\"placeholder\":\"Contenu\u2026\",\"fontSize\":\"medium\"} --><\/p>\n<p class=\"has-text-align-right has-medium-font-size\">&#8211; Les 26 et 27 Ao\u00fbt 2023<\/p>\n<p><!-- \/wp:paragraph --><!-- wp:paragraph {\"style\":{\"typography\":{\"fontSize\":\"14px\"}}} --><\/p>\n<p style=\"font-size: 14px;\">Nous y serons pr\u00e9sent en tant qu&rsquo;association de la commune de Harnes mais \u00e9galement \u00e0 l&rsquo;animation SI les associations de la ville donnent leur accord pour que nous animions l&rsquo;\u00e9v\u00e9nement.<\/p>\n<p><!-- \/wp:paragraph --><\/p>\n<\/div>\n<figure class=\"wp-block-media-text__media\"><img fetchpriority=\"high\" decoding=\"async\" width=\"789\" height=\"716\" class=\"wp-image-3165 size-full\" src=\"http:\/\/nouveausite.cetaradio.fr\/cetawp\/wp-content\/uploads\/2022\/01\/logo-nqe.jpg\" alt=\"\" srcset=\"http:\/\/nouveausite.cetaradio.fr\/cetawp\/wp-content\/uploads\/2022\/01\/logo-nqe.jpg 789w, http:\/\/nouveausite.cetaradio.fr\/cetawp\/wp-content\/uploads\/2022\/01\/logo-nqe-300x272.jpg 300w, http:\/\/nouveausite.cetaradio.fr\/cetawp\/wp-content\/uploads\/2022\/01\/logo-nqe-768x697.jpg 768w\" sizes=\"(max-width: 706px) 89vw, (max-width: 767px) 82vw, 740px\" \/><\/figure>\n<\/div>\n<p><!-- \/wp:media-text --><!-- wp:separator {\"opacity\":\"css\"} --><\/p>\n<hr class=\"wp-block-separator has-css-opacity\">\n<p><!-- \/wp:separator --><!-- wp:media-text {\"align\":\"wide\",\"mediaId\":4017,\"mediaLink\":\"https:\/\/nouveausite.cetaradio.fr\/cetawp\/index.php\/evenements\/audio-microphone-retro-style\/\",\"mediaType\":\"image\"} --><\/p>\n<div class=\"wp-block-media-text alignwide is-stacked-on-mobile\">\n<figure class=\"wp-block-media-text__media\"><img decoding=\"async\" width=\"1024\" height=\"683\" class=\"wp-image-4017 size-full\" src=\"https:\/\/nouveausite.cetaradio.fr\/cetawp\/wp-content\/uploads\/2023\/03\/audio-microphone-retro-style-1024x683.jpg\" alt=\"\" srcset=\"http:\/\/nouveausite.cetaradio.fr\/cetawp\/wp-content\/uploads\/2023\/03\/audio-microphone-retro-style-1024x683.jpg 1024w, http:\/\/nouveausite.cetaradio.fr\/cetawp\/wp-content\/uploads\/2023\/03\/audio-microphone-retro-style-300x200.jpg 300w, http:\/\/nouveausite.cetaradio.fr\/cetawp\/wp-content\/uploads\/2023\/03\/audio-microphone-retro-style-768x512.jpg 768w, http:\/\/nouveausite.cetaradio.fr\/cetawp\/wp-content\/uploads\/2023\/03\/audio-microphone-retro-style-1536x1024.jpg 1536w, http:\/\/nouveausite.cetaradio.fr\/cetawp\/wp-content\/uploads\/2023\/03\/audio-microphone-retro-style-2048x1365.jpg 2048w\" sizes=\"(max-width: 706px) 89vw, (max-width: 767px) 82vw, 740px\" \/><\/figure>\n<div class=\"wp-block-media-text__content\">\n<p><!-- wp:paragraph {\"placeholder\":\"Contenu\u2026\"} --><\/p>\n<p style=\"font-size: 18px;\"><strong>Concours de Chant (Troisi\u00e8me \u00e9dition)<\/strong><\/p>\n<p class=\"has-text-align-right has-medium-font-size\">&#8211; Le 7 Octobre 20<span style=\"font-size: revert;\">23 <\/span><\/p>\n<p><!-- \/wp:paragraph --><\/p>\n<\/div>\n<\/div>\n<p><!-- \/wp:media-text --><!-- wp:media-text {\"align\":\"wide\",\"mediaPosition\":\"right\",\"mediaId\":4016,\"mediaLink\":\"https:\/\/nouveausite.cetaradio.fr\/cetawp\/index.php\/evenements\/affiche-salon-du-livre-deuxieme-ed-2-1\/\",\"mediaType\":\"image\"} --><\/p>\n<div class=\"wp-block-media-text alignwide has-media-on-the-right is-stacked-on-mobile\">\n<div class=\"wp-block-media-text__content\">\n<p><!-- wp:paragraph {\"placeholder\":\"Contenu\u2026\"} --><\/p>\n<p class=\"has-medium-font-size\"><strong>Salon du livre et du bien \u00eatre<\/strong><\/p>\n<p>(Deuxi\u00e8me \u00e9dition)<\/p>\n<p class=\"has-text-align-left has-medium-font-size\">&#8211; Le 8 Octobre 20<span style=\"font-size: revert;\">23 <\/span><\/p>\n<p><!-- \/wp:paragraph --><\/p>\n<\/div>\n<figure class=\"wp-block-media-text__media\"><img decoding=\"async\" width=\"724\" height=\"1024\" class=\"wp-image-4016 size-full\" src=\"https:\/\/nouveausite.cetaradio.fr\/cetawp\/wp-content\/uploads\/2023\/03\/affiche-salon-du-livre-deuxieme-ed-2-1-724x1024.jpg\" alt=\"\" srcset=\"http:\/\/nouveausite.cetaradio.fr\/cetawp\/wp-content\/uploads\/2023\/03\/affiche-salon-du-livre-deuxieme-ed-2-1-724x1024.jpg 724w, http:\/\/nouveausite.cetaradio.fr\/cetawp\/wp-content\/uploads\/2023\/03\/affiche-salon-du-livre-deuxieme-ed-2-1-212x300.jpg 212w, http:\/\/nouveausite.cetaradio.fr\/cetawp\/wp-content\/uploads\/2023\/03\/affiche-salon-du-livre-deuxieme-ed-2-1-768x1086.jpg 768w, http:\/\/nouveausite.cetaradio.fr\/cetawp\/wp-content\/uploads\/2023\/03\/affiche-salon-du-livre-deuxieme-ed-2-1-1086x1536.jpg 1086w, http:\/\/nouveausite.cetaradio.fr\/cetawp\/wp-content\/uploads\/2023\/03\/affiche-salon-du-livre-deuxieme-ed-2-1.jpg 1190w\" sizes=\"(max-width: 724px) 100vw, 724px\" \/><\/figure>\n<\/div>\n<p><!-- \/wp:media-text --><!-- wp:separator {\"backgroundColor\":\"black\",\"className\":\"is-style-wide\"} --><\/p>\n<hr class=\"wp-block-separator has-text-color has-black-color has-alpha-channel-opacity has-black-background-color has-background is-style-wide\">\n<p><!-- \/wp:separator --><!-- wp:paragraph {\"align\":\"center\",\"fontSize\":\"large\"} --><\/p>\n<p class=\"has-text-align-center has-large-font-size\"><strong>Ev\u00e8nements pass\u00e9s en 2022<\/strong><\/p>\n<p><!-- \/wp:paragraph --><!-- wp:media-text {\"align\":\"wide\",\"mediaId\":3335,\"mediaLink\":\"http:\/\/nouveausite.cetaradio.fr\/cetawp\/index.php\/evenements\/flyer-concour-2022-prochainement\/\",\"mediaType\":\"image\",\"mediaWidth\":39} --><\/p>\n<div class=\"wp-block-media-text alignwide is-stacked-on-mobile\" style=\"grid-template-columns: 39% auto;\">\n<figure class=\"wp-block-media-text__media\"><img loading=\"lazy\" decoding=\"async\" width=\"727\" height=\"1024\" class=\"wp-image-3335 size-full\" src=\"http:\/\/nouveausite.cetaradio.fr\/cetawp\/wp-content\/uploads\/2022\/03\/flyer-concour-2022-prochainement-727x1024.png\" alt=\"\" srcset=\"http:\/\/nouveausite.cetaradio.fr\/cetawp\/wp-content\/uploads\/2022\/03\/flyer-concour-2022-prochainement-727x1024.png 727w, http:\/\/nouveausite.cetaradio.fr\/cetawp\/wp-content\/uploads\/2022\/03\/flyer-concour-2022-prochainement-213x300.png 213w, http:\/\/nouveausite.cetaradio.fr\/cetawp\/wp-content\/uploads\/2022\/03\/flyer-concour-2022-prochainement-768x1082.png 768w, http:\/\/nouveausite.cetaradio.fr\/cetawp\/wp-content\/uploads\/2022\/03\/flyer-concour-2022-prochainement-1090x1536.png 1090w, http:\/\/nouveausite.cetaradio.fr\/cetawp\/wp-content\/uploads\/2022\/03\/flyer-concour-2022-prochainement-1453x2048.png 1453w, http:\/\/nouveausite.cetaradio.fr\/cetawp\/wp-content\/uploads\/2022\/03\/flyer-concour-2022-prochainement.png 1654w\" sizes=\"(max-width: 727px) 100vw, 727px\" \/><\/figure>\n<div class=\"wp-block-media-text__content\">\n<p><!-- wp:paragraph {\"placeholder\":\"Contenu\u2026\",\"style\":{\"typography\":{\"fontSize\":\"18px\"}}} --><\/p>\n<p style=\"font-size: 18px;\"><strong>Concours de Chant (deuxi\u00e8me \u00e9dition)<\/strong><\/p>\n<p><!-- \/wp:paragraph --><!-- wp:paragraph {\"align\":\"right\",\"placeholder\":\"Contenu\u2026\",\"fontSize\":\"medium\"} --><\/p>\n<p class=\"has-text-align-right has-medium-font-size\">&#8211; Le 1 Octobre 2022<\/p>\n<p><!-- \/wp:paragraph --><!-- wp:paragraph {\"align\":\"right\"} --><\/p>\n<p class=\"has-text-align-right\"><a class=\"maxbutton-5 maxbutton maxbutton-bouton-redirection-page-chantons-avec-cr\" target=\"_blank\" rel=\"noopener\" href=\"http:\/\/www.cetaradio.fr\/index.php\/chantonsaveccetaradio\/\"><span class='mb-text'>Page du concours<\/span><\/a><\/p>\n<p><!-- \/wp:paragraph --><\/p>\n<\/div>\n<\/div>\n<p><!-- \/wp:media-text --><!-- wp:media-text {\"align\":\"wide\",\"mediaPosition\":\"right\",\"mediaId\":3337,\"mediaLink\":\"http:\/\/nouveausite.cetaradio.fr\/cetawp\/index.php\/evenements\/affiche-salon-du-livre-et-bien-etre1\/\",\"mediaType\":\"image\",\"mediaWidth\":40} --><\/p>\n<div class=\"wp-block-media-text alignwide has-media-on-the-right is-stacked-on-mobile\" style=\"grid-template-columns: auto 40%;\">\n<div class=\"wp-block-media-text__content\">\n<p><!-- wp:paragraph {\"placeholder\":\"Contenu\u2026\",\"fontSize\":\"medium\"} --><\/p>\n<p class=\"has-medium-font-size\"><strong>Salon du livre et du bien \u00eatre<\/strong><\/p>\n<p><!-- \/wp:paragraph --><!-- wp:paragraph {\"align\":\"left\",\"placeholder\":\"Contenu\u2026\",\"fontSize\":\"medium\"} --><\/p>\n<p class=\"has-text-align-left has-medium-font-size\">&#8211; Le 2 Octobre 2022<\/p>\n<p><!-- \/wp:paragraph --><\/p>\n<\/div>\n<figure class=\"wp-block-media-text__media\"><img loading=\"lazy\" decoding=\"async\" width=\"724\" height=\"1024\" class=\"wp-image-3337 size-full\" src=\"http:\/\/nouveausite.cetaradio.fr\/cetawp\/wp-content\/uploads\/2022\/03\/Affiche-Salon-du-Livre-et-Bien-etre1-724x1024.jpg\" alt=\"\" srcset=\"http:\/\/nouveausite.cetaradio.fr\/cetawp\/wp-content\/uploads\/2022\/03\/Affiche-Salon-du-Livre-et-Bien-etre1-724x1024.jpg 724w, http:\/\/nouveausite.cetaradio.fr\/cetawp\/wp-content\/uploads\/2022\/03\/Affiche-Salon-du-Livre-et-Bien-etre1-212x300.jpg 212w, http:\/\/nouveausite.cetaradio.fr\/cetawp\/wp-content\/uploads\/2022\/03\/Affiche-Salon-du-Livre-et-Bien-etre1-768x1086.jpg 768w, http:\/\/nouveausite.cetaradio.fr\/cetawp\/wp-content\/uploads\/2022\/03\/Affiche-Salon-du-Livre-et-Bien-etre1-1086x1536.jpg 1086w, http:\/\/nouveausite.cetaradio.fr\/cetawp\/wp-content\/uploads\/2022\/03\/Affiche-Salon-du-Livre-et-Bien-etre1.jpg 1241w\" sizes=\"(max-width: 724px) 100vw, 724px\" \/><\/figure>\n<\/div>\n<p><!-- \/wp:media-text --><!-- wp:media-text {\"align\":\"wide\",\"mediaId\":3165,\"mediaLink\":\"http:\/\/nouveausite.cetaradio.fr\/cetawp\/index.php\/evenements\/logo-nqe\/\",\"mediaType\":\"image\"} --><\/p>\n<div class=\"wp-block-media-text alignwide is-stacked-on-mobile\">\n<figure class=\"wp-block-media-text__media\"><img fetchpriority=\"high\" decoding=\"async\" width=\"789\" height=\"716\" class=\"wp-image-3165 size-full\" src=\"http:\/\/nouveausite.cetaradio.fr\/cetawp\/wp-content\/uploads\/2022\/01\/logo-nqe.jpg\" alt=\"\" srcset=\"http:\/\/nouveausite.cetaradio.fr\/cetawp\/wp-content\/uploads\/2022\/01\/logo-nqe.jpg 789w, http:\/\/nouveausite.cetaradio.fr\/cetawp\/wp-content\/uploads\/2022\/01\/logo-nqe-300x272.jpg 300w, http:\/\/nouveausite.cetaradio.fr\/cetawp\/wp-content\/uploads\/2022\/01\/logo-nqe-768x697.jpg 768w\" sizes=\"(max-width: 706px) 89vw, (max-width: 767px) 82vw, 740px\" \/><\/figure>\n<div class=\"wp-block-media-text__content\">\n<p><!-- wp:paragraph {\"placeholder\":\"Contenu\u2026\",\"style\":{\"typography\":{\"fontSize\":\"18px\"}}} --><\/p>\n<p style=\"font-size: 18px;\"><strong>Les Quartiers d&rsquo;Et\u00e9 de Harnes<\/strong><\/p>\n<p><!-- \/wp:paragraph --><!-- wp:paragraph {\"align\":\"right\",\"placeholder\":\"Contenu\u2026\",\"fontSize\":\"medium\"} --><\/p>\n<p class=\"has-text-align-right has-medium-font-size\">&#8211; Les 27 et 28 Ao\u00fbt 2022<\/p>\n<p><!-- \/wp:paragraph --><!-- wp:paragraph {\"style\":{\"typography\":{\"fontSize\":\"14px\"}}} --><\/p>\n<p style=\"font-size: 14px;\">Nous y \u00e9tions pr\u00e9sent en tant qu&rsquo;association de la commune de Harnes mais \u00e9galement \u00e0 l&rsquo;animation de cet \u00e9v\u00e9nement annuel.<\/p>\n<p><!-- \/wp:paragraph --><\/p>\n<\/div>\n<\/div>\n<p><!-- \/wp:media-text --><!-- wp:media-text {\"align\":\"wide\",\"mediaPosition\":\"right\",\"mediaId\":3333,\"mediaLink\":\"http:\/\/nouveausite.cetaradio.fr\/cetawp\/index.php\/evenements\/fly-nas-live-prochainement-1\/\",\"mediaType\":\"image\",\"mediaWidth\":41} --><\/p>\n<div class=\"wp-block-media-text alignwide has-media-on-the-right is-stacked-on-mobile\" style=\"grid-template-columns: auto 41%;\">\n<div class=\"wp-block-media-text__content\">\n<p><!-- wp:paragraph {\"placeholder\":\"Contenu\u2026\",\"style\":{\"typography\":{\"fontSize\":\"18px\"}}} --><\/p>\n<p style=\"font-size: 18px;\"><strong>Nord Acoustique Show Live <\/strong><\/p>\n<p><!-- \/wp:paragraph --><!-- wp:paragraph {\"align\":\"right\",\"placeholder\":\"Contenu\u2026\",\"fontSize\":\"medium\"} --><\/p>\n<p class=\"has-text-align-right has-medium-font-size\">&#8211; le 7 Mai 2022 avec FLORA, SASHA LYPSO, SAVE MIRA &amp; STYLZERO<\/p>\n<p><!-- \/wp:paragraph --><!-- wp:paragraph {\"align\":\"right\"} --><\/p>\n<p class=\"has-text-align-right\"><a class=\"maxbutton-2 maxbutton maxbutton-page-nas-live\" target=\"_blank\" rel=\"noopener\" href=\"http:\/\/www.cetaradio.fr\/index.php\/lenordacousticshowlive\/\"><span class='mb-text'>Plus d&#039;infos NAS Live<\/span><\/a><\/p>\n<p><!-- \/wp:paragraph --><\/p>\n<\/div>\n<figure class=\"wp-block-media-text__media\"><img loading=\"lazy\" decoding=\"async\" width=\"724\" height=\"1024\" class=\"wp-image-3333 size-full\" src=\"http:\/\/nouveausite.cetaradio.fr\/cetawp\/wp-content\/uploads\/2022\/03\/FLy-NAS-Live-prochainement-1-724x1024.jpg\" alt=\"\" srcset=\"http:\/\/nouveausite.cetaradio.fr\/cetawp\/wp-content\/uploads\/2022\/03\/FLy-NAS-Live-prochainement-1-724x1024.jpg 724w, http:\/\/nouveausite.cetaradio.fr\/cetawp\/wp-content\/uploads\/2022\/03\/FLy-NAS-Live-prochainement-1-212x300.jpg 212w, http:\/\/nouveausite.cetaradio.fr\/cetawp\/wp-content\/uploads\/2022\/03\/FLy-NAS-Live-prochainement-1-768x1086.jpg 768w, http:\/\/nouveausite.cetaradio.fr\/cetawp\/wp-content\/uploads\/2022\/03\/FLy-NAS-Live-prochainement-1-1086x1536.jpg 1086w, http:\/\/nouveausite.cetaradio.fr\/cetawp\/wp-content\/uploads\/2022\/03\/FLy-NAS-Live-prochainement-1.jpg 1190w\" sizes=\"(max-width: 724px) 100vw, 724px\" \/><\/figure>\n<\/div>\n<p><!-- \/wp:media-text --><!-- wp:media-text {\"align\":\"wide\",\"mediaId\":3342,\"mediaLink\":\"http:\/\/nouveausite.cetaradio.fr\/cetawp\/index.php\/evenements\/flyer-hope-family-live-stream\/\",\"mediaType\":\"image\"} --><\/p>\n<div class=\"wp-block-media-text alignwide is-stacked-on-mobile\">\n<figure class=\"wp-block-media-text__media\"><img loading=\"lazy\" decoding=\"async\" width=\"727\" height=\"1024\" class=\"wp-image-3342 size-full\" src=\"http:\/\/nouveausite.cetaradio.fr\/cetawp\/wp-content\/uploads\/2022\/03\/Flyer-Hope-Family-Live-Stream-727x1024.gif\" alt=\"\" srcset=\"http:\/\/nouveausite.cetaradio.fr\/cetawp\/wp-content\/uploads\/2022\/03\/Flyer-Hope-Family-Live-Stream-727x1024.gif 727w, http:\/\/nouveausite.cetaradio.fr\/cetawp\/wp-content\/uploads\/2022\/03\/Flyer-Hope-Family-Live-Stream-213x300.gif 213w, http:\/\/nouveausite.cetaradio.fr\/cetawp\/wp-content\/uploads\/2022\/03\/Flyer-Hope-Family-Live-Stream-768x1082.gif 768w, http:\/\/nouveausite.cetaradio.fr\/cetawp\/wp-content\/uploads\/2022\/03\/Flyer-Hope-Family-Live-Stream-1090x1536.gif 1090w, http:\/\/nouveausite.cetaradio.fr\/cetawp\/wp-content\/uploads\/2022\/03\/Flyer-Hope-Family-Live-Stream-1453x2048.gif 1453w\" sizes=\"(max-width: 727px) 100vw, 727px\" \/><\/figure>\n<div class=\"wp-block-media-text__content\">\n<p><!-- wp:paragraph {\"align\":\"right\",\"placeholder\":\"Contenu\u2026\",\"style\":{\"typography\":{\"fontSize\":\"22px\"}}} --><\/p>\n<p class=\"has-text-align-right\" style=\"font-size: 22px;\"><strong>Partenariat, aide \u00e0 projet<\/strong><\/p>\n<p><!-- \/wp:paragraph --><!-- wp:paragraph {\"align\":\"right\"} --><\/p>\n<p class=\"has-text-align-right\"><em><strong>Hope Family<\/strong><\/em> en avant premi\u00e8re sur l&rsquo;antenne de CETA Radio<\/p>\n<p><!-- \/wp:paragraph --><!-- wp:paragraph {\"align\":\"right\"} --><\/p>\n<p class=\"has-text-align-right\"><strong>Le 26 Mars 2022 \u00e0 17h00 <\/strong><\/p>\n<p><!-- \/wp:paragraph --><!-- wp:paragraph {\"align\":\"right\"} --><\/p>\n<p class=\"has-text-align-right\"><a class=\"maxbutton-4 maxbutton maxbutton-bouton-facebook-de-hope-family\" target=\"_blank\" rel=\"noopener\" href=\"https:\/\/autourdelamusiquemanagement.fr\/hopefamily\"><span class='mb-text'>Page Web Hope Family<\/span><\/a><\/p>\n<p><!-- \/wp:paragraph --><\/p>\n<\/div>\n<\/div>\n<p><!-- \/wp:media-text --><!-- wp:paragraph --><\/p>\n<p><!-- \/wp:paragraph --><!-- wp:buttons {\"layout\":{\"type\":\"flex\",\"justifyContent\":\"center\"}} --><\/p>\n<div class=\"wp-block-buttons\">\n<p><!-- wp:button {\"textColor\":\"black\",\"width\":75,\"style\":{\"border\":{\"radius\":\"100px\"},\"color\":{\"gradient\":\"linear-gradient(165deg,rgb(238,238,238) 0%,rgb(0,102,176) 100%)\"},\"typography\":{\"fontSize\":\"15px\"}},\"className\":\"is-style-outline\"} --><\/p>\n<div class=\"wp-block-button has-custom-width wp-block-button__width-75 has-custom-font-size is-style-outline\" style=\"font-size: 15px;\"><a class=\"wp-block-button__link has-black-color has-text-color has-background wp-element-button\" style=\"border-radius: 100px; background: linear-gradient(165deg,#eeeeee 0%,#0066b0 100%);\" href=\"http:\/\/nouveausite.cetaradio.fr\/cetawp\/index.php\/evenement\/\" target=\"_blank\" rel=\"noreferrer noopener\">Ev\u00e8nement pass\u00e9 en 2021<\/a><\/div>\n<p><!-- \/wp:button --><\/p>\n<\/div>\n<p><!-- \/wp:buttons --><\/p>\t\t\t\t\t\t\t\t<\/div>\n\t\t\t\t<\/div>\n\t\t\t\t\t<\/div>\n\t\t<\/div>\n\t\t\t\t\t<\/div>\n\t\t<\/section>\n\t\t\t\t<\/div>\n\t\t","protected":false},"excerpt":{"rendered":"<p>Planning des dates \u00e9v\u00e9nements de CETA Radio ! Ev\u00e8nements pass\u00e9s en 2024 Chantons avec CETA RADIO &#8211; le 05 Mai 2024 Le quatri\u00e8me concours de chant&nbsp; Entr\u00e9e gratuite Ev\u00e8nements pass\u00e9s en 2023 CETA RADIO Live &#8211; le 13 Mai 2023 Prochainement avec MALO\u00c9, HOPE FAMILY &amp; HERNEST Les Quartiers d&rsquo;Et\u00e9 de Harnes &#8211; Les 26 &hellip; <\/p>\n<p class=\"link-more\"><a href=\"http:\/\/nouveausite.cetaradio.fr\/cetawp\/index.php\/evenements\/\" class=\"more-link\">Continuer la lecture<span class=\"screen-reader-text\"> de &laquo;&nbsp;Ev\u00e9nements&nbsp;&raquo;<\/span><\/a><\/p>\n","protected":false},"author":1,"featured_media":0,"parent":0,"menu_order":0,"comment_status":"closed","ping_status":"closed","template":"","meta":{"h5ap_radio_sources":[],"footnotes":""},"class_list":["post-34","page","type-page","status-publish","hentry"],"_links":{"self":[{"href":"http:\/\/nouveausite.cetaradio.fr\/cetawp\/index.php\/wp-json\/wp\/v2\/pages\/34","targetHints":{"allow":["GET"]}}],"collection":[{"href":"http:\/\/nouveausite.cetaradio.fr\/cetawp\/index.php\/wp-json\/wp\/v2\/pages"}],"about":[{"href":"http:\/\/nouveausite.cetaradio.fr\/cetawp\/index.php\/wp-json\/wp\/v2\/types\/page"}],"author":[{"embeddable":true,"href":"http:\/\/nouveausite.cetaradio.fr\/cetawp\/index.php\/wp-json\/wp\/v2\/users\/1"}],"replies":[{"embeddable":true,"href":"http:\/\/nouveausite.cetaradio.fr\/cetawp\/index.php\/wp-json\/wp\/v2\/comments?post=34"}],"version-history":[{"count":110,"href":"http:\/\/nouveausite.cetaradio.fr\/cetawp\/index.php\/wp-json\/wp\/v2\/pages\/34\/revisions"}],"predecessor-version":[{"id":5079,"href":"http:\/\/nouveausite.cetaradio.fr\/cetawp\/index.php\/wp-json\/wp\/v2\/pages\/34\/revisions\/5079"}],"wp:attachment":[{"href":"http:\/\/nouveausite.cetaradio.fr\/cetawp\/index.php\/wp-json\/wp\/v2\/media?parent=34"}],"curies":[{"name":"wp","href":"https:\/\/api.w.org\/{rel}","templated":true}]}}