{"id":37,"date":"2019-07-07T21:34:42","date_gmt":"2019-07-07T19:34:42","guid":{"rendered":"http:\/\/nouveausite.cetaradio.fr\/cetawp\/?page_id=37"},"modified":"2025-10-24T17:08:48","modified_gmt":"2025-10-24T15:08:48","slug":"team","status":"publish","type":"page","link":"http:\/\/nouveausite.cetaradio.fr\/cetawp\/index.php\/team\/","title":{"rendered":"Team CETA Radio"},"content":{"rendered":"\t\t<div data-elementor-type=\"wp-page\" data-elementor-id=\"37\" class=\"elementor elementor-37\">\n\t\t\t\t\t\t<section class=\"elementor-section elementor-top-section elementor-element elementor-element-e923d35 elementor-section-boxed elementor-section-height-default elementor-section-height-default\" data-id=\"e923d35\" data-element_type=\"section\" data-e-type=\"section\">\n\t\t\t\t\t\t<div class=\"elementor-container elementor-column-gap-default\">\n\t\t\t\t\t<div class=\"elementor-column elementor-col-100 elementor-top-column elementor-element elementor-element-1549bbd3\" data-id=\"1549bbd3\" data-element_type=\"column\" data-e-type=\"column\">\n\t\t\t<div class=\"elementor-widget-wrap elementor-element-populated\">\n\t\t\t\t\t\t<div class=\"elementor-element elementor-element-421ad1b7 elementor-widget elementor-widget-text-editor\" data-id=\"421ad1b7\" data-element_type=\"widget\" data-e-type=\"widget\" data-widget_type=\"text-editor.default\">\n\t\t\t\t<div class=\"elementor-widget-container\">\n\t\t\t\t\t\t\t\t\t\n<h1 class=\"wp-block-heading has-text-align-center\"><strong>Les Membres<\/strong><\/h1>\n\n<div class=\"wp-block-media-text alignwide\" style=\"grid-template-columns: 58% auto;\">\n<figure class=\"wp-block-media-text__media\"><img fetchpriority=\"high\" decoding=\"async\" width=\"1024\" height=\"893\" class=\"wp-image-648 size-full\" src=\"http:\/\/nouveausite.cetaradio.fr\/cetawp\/wp-content\/uploads\/2019\/07\/IMG_20180530_185135-e1564067172905-1024x893.jpg\" alt=\"\" srcset=\"http:\/\/nouveausite.cetaradio.fr\/cetawp\/wp-content\/uploads\/2019\/07\/IMG_20180530_185135-e1564067172905-1024x893.jpg 1024w, http:\/\/nouveausite.cetaradio.fr\/cetawp\/wp-content\/uploads\/2019\/07\/IMG_20180530_185135-e1564067172905-300x262.jpg 300w, http:\/\/nouveausite.cetaradio.fr\/cetawp\/wp-content\/uploads\/2019\/07\/IMG_20180530_185135-e1564067172905-768x670.jpg 768w\" sizes=\"(max-width: 706px) 89vw, (max-width: 767px) 82vw, 740px\" \/><\/figure>\n<div class=\"wp-block-media-text__content\">\n<p style=\"font-size: 16px;\"><strong>Patrick V (Alias Patoche)<\/strong><\/p>\n\n<p style=\"font-size: 12px;\">Le doyen de CETA Radio et le Pr\u00e9sident, est aussi le cr\u00e9ateur de l\u2019\u00e9mission Tou\u2019Z\u2019Azimut et souvent r\u00e9alisateur (m\u00eame s\u2019il faut reconna\u00eetre que la technique et lui \u00e7a fait deux &#8230;. mais il ne s\u2019en sort pas trop mal).<\/p>\n\n<p style=\"font-size: 12px;\">Vous ne le savez peut \u00eatre pas mais Patrick avait \u00e9t\u00e9 par le pass\u00e9 animateur de mariages et de f\u00eates de famille en tant qu&rsquo;entrepreneur mais \u00e7a ce n&rsquo;est que le c\u00f4t\u00e9 proche de la radio et il a bien d&rsquo;autres cordes \u00e0 son arc.<\/p>\n<\/div>\n<\/div>\n\n<div class=\"wp-block-media-text alignwide has-media-on-the-right\">\n<div class=\"wp-block-media-text__content\">\n<p style=\"font-size: 16px;\"><strong>Vincent VDB<\/strong><\/p>\n\n<p style=\"font-size: 12px;\">Le technicien, Vice Pr\u00e9sident, r\u00e9alisateur, concepteur, audiophile et passionn\u00e9 de musique, notamment d\u00e9couvrir de nouveaux artistes et groupes.<\/p>\n\n<p style=\"font-size: 12px;\">Vid\u00e9aste et Streamer YouTube, Twitch pour Autour de la Musique il a choisi de travailler et retranscrire son \u00e9mission \u00e0 CETA Radio et de mettre \u00e0 profit ses connaissances pour la continuit\u00e9 de votre webradio.<\/p>\n\n<p style=\"font-size: 12px;\">\u00c7a ne s&rsquo;arr\u00eate pas l\u00e0. Il fut un temps Vincent a \u00e9t\u00e9 membre du bureau de la MJC de N\u0153ux-les-Mines et membre des activit\u00e9 Adr\u00e9naline et Dragon of Music (concerts M\u00e9tal et Musiques Actuelles). Il a aussi \u00e9t\u00e9 batteur dans le groupe \u00ab\u00a0Les Backliners\u00a0\u00bb et \u00ab\u00a0Faux R\u00eaveur\u00a0\u00bb<\/p>\n<\/div>\n<figure class=\"wp-block-media-text__media\"><img decoding=\"async\" width=\"768\" height=\"1024\" class=\"wp-image-643 size-full\" src=\"http:\/\/nouveausite.cetaradio.fr\/cetawp\/wp-content\/uploads\/2019\/07\/IMG_20180514_191738-768x1024.jpg\" alt=\"\" srcset=\"http:\/\/nouveausite.cetaradio.fr\/cetawp\/wp-content\/uploads\/2019\/07\/IMG_20180514_191738-768x1024.jpg 768w, http:\/\/nouveausite.cetaradio.fr\/cetawp\/wp-content\/uploads\/2019\/07\/IMG_20180514_191738-225x300.jpg 225w, http:\/\/nouveausite.cetaradio.fr\/cetawp\/wp-content\/uploads\/2019\/07\/IMG_20180514_191738.jpg 1944w\" sizes=\"(max-width: 706px) 89vw, (max-width: 767px) 82vw, 740px\" \/><\/figure>\n<\/div>\n\n<div class=\"wp-block-media-text alignwide has-media-on-the-right\">\n<div class=\"wp-block-media-text__content\"><\/div>\n<\/div>\n<hr class=\"wp-block-separator has-text-color has-very-dark-gray-color has-css-opacity has-very-dark-gray-background-color has-background is-style-wide\" \/>\n<h1 class=\"wp-block-heading has-text-align-center has-medium-font-size\"><strong>La voix de CETA Radio<\/strong><\/h1>\n\n<div class=\"wp-block-media-text alignwide has-media-on-the-right\">\n<div class=\"wp-block-media-text__content\">\n<p style=\"font-size: 16px;\"><strong>Laurent M<\/strong> :<\/p>\n\n<p style=\"font-size: 12px;\">Ancien Pr\u00e9sident puis Vice-Pr\u00e9sident de CETA Radio, technicien et animateur du TOP, il est beaucoup moins pr\u00e9sent \u00e0 la radio mais n\u00e9anmoins toujours de bon conseil pour les probl\u00e8mes techniques.<\/p>\n\n<p style=\"font-size: 12px;\">Il a fait partie des premiers cr\u00e9ateurs de CETA Radio et forcement en connait tous les rouages.<\/p>\n<\/div>\n<figure class=\"wp-block-media-text__media\"><img decoding=\"async\" width=\"720\" height=\"960\" class=\"wp-image-488 size-full\" src=\"http:\/\/nouveausite.cetaradio.fr\/cetawp\/wp-content\/uploads\/2019\/07\/11111225_10153073122379667_1519150880085976080_n.jpg\" alt=\"\" srcset=\"http:\/\/nouveausite.cetaradio.fr\/cetawp\/wp-content\/uploads\/2019\/07\/11111225_10153073122379667_1519150880085976080_n.jpg 720w, http:\/\/nouveausite.cetaradio.fr\/cetawp\/wp-content\/uploads\/2019\/07\/11111225_10153073122379667_1519150880085976080_n-225x300.jpg 225w\" sizes=\"(max-width: 720px) 100vw, 720px\" \/><\/figure>\n<p>\u00a0<\/p>\n<hr \/>\n<p style=\"text-align: center;\"><strong>Mais aussi&#8230;<\/strong><\/p>\n<p>Anthony, Caroline, Sylvie, Bertrand, Nathan, L\u00e9anne, Sacha, Florent, Damien, Micka\u00ebl et Brandon (Plus de d\u00e9tails \u00e0 venir&#8230;)<\/p>\n<\/div>\n<div  id=\"ai-temp-advanced_iframe\"><!-- --><\/div><script type=\"text\/javascript\">jQuery(\"#ai-temp-advanced_iframe\").load(\"http:\/\/www.cetaradio.fr\/player-mrmazure-v4.2\/index.html\" , function() { })<\/script><hr class=\"wp-block-separator has-text-color has-very-dark-gray-color has-css-opacity has-very-dark-gray-background-color has-background is-style-wide\" \/>\n<div class=\"wp-block-media-text alignwide is-stacked-on-mobile\">\n<figure class=\"wp-block-media-text__media\"><img loading=\"lazy\" decoding=\"async\" width=\"512\" height=\"512\" class=\"wp-image-3699 size-full\" src=\"https:\/\/nouveausite.cetaradio.fr\/cetawp\/wp-content\/uploads\/2022\/05\/icon-for-users-5.png\" alt=\"\" srcset=\"http:\/\/nouveausite.cetaradio.fr\/cetawp\/wp-content\/uploads\/2022\/05\/icon-for-users-5.png 512w, http:\/\/nouveausite.cetaradio.fr\/cetawp\/wp-content\/uploads\/2022\/05\/icon-for-users-5-300x300.png 300w, http:\/\/nouveausite.cetaradio.fr\/cetawp\/wp-content\/uploads\/2022\/05\/icon-for-users-5-150x150.png 150w, http:\/\/nouveausite.cetaradio.fr\/cetawp\/wp-content\/uploads\/2022\/05\/icon-for-users-5-100x100.png 100w\" sizes=\"(max-width: 512px) 100vw, 512px\" \/><\/figure>\n<div class=\"wp-block-media-text__content\">\n<p style=\"font-size: 16px;\"><strong>&#8230; toi ?<\/strong><\/p>\n\n<p class=\"has-small-font-size\">N&rsquo;h\u00e9site pas \u00e0 nous rejoindre !!!<\/p>\n<\/div>\n<\/div>\n\t\t\t\t\t\t\t\t<\/div>\n\t\t\t\t<\/div>\n\t\t\t\t\t<\/div>\n\t\t<\/div>\n\t\t\t\t\t<\/div>\n\t\t<\/section>\n\t\t\t\t<\/div>\n\t\t","protected":false},"excerpt":{"rendered":"<p>Les Membres Patrick V (Alias Patoche) Le doyen de CETA Radio et le Pr\u00e9sident, est aussi le cr\u00e9ateur de l\u2019\u00e9mission Tou\u2019Z\u2019Azimut et souvent r\u00e9alisateur (m\u00eame s\u2019il faut reconna\u00eetre que la technique et lui \u00e7a fait deux &#8230;. mais il ne s\u2019en sort pas trop mal). Vous ne le savez peut \u00eatre pas mais Patrick avait &hellip; <\/p>\n<p class=\"link-more\"><a href=\"http:\/\/nouveausite.cetaradio.fr\/cetawp\/index.php\/team\/\" class=\"more-link\">Continuer la lecture<span class=\"screen-reader-text\"> de &laquo;&nbsp;Team CETA Radio&nbsp;&raquo;<\/span><\/a><\/p>\n","protected":false},"author":1,"featured_media":0,"parent":0,"menu_order":0,"comment_status":"closed","ping_status":"closed","template":"","meta":{"h5ap_radio_sources":[],"footnotes":""},"class_list":["post-37","page","type-page","status-publish","hentry"],"_links":{"self":[{"href":"http:\/\/nouveausite.cetaradio.fr\/cetawp\/index.php\/wp-json\/wp\/v2\/pages\/37","targetHints":{"allow":["GET"]}}],"collection":[{"href":"http:\/\/nouveausite.cetaradio.fr\/cetawp\/index.php\/wp-json\/wp\/v2\/pages"}],"about":[{"href":"http:\/\/nouveausite.cetaradio.fr\/cetawp\/index.php\/wp-json\/wp\/v2\/types\/page"}],"author":[{"embeddable":true,"href":"http:\/\/nouveausite.cetaradio.fr\/cetawp\/index.php\/wp-json\/wp\/v2\/users\/1"}],"replies":[{"embeddable":true,"href":"http:\/\/nouveausite.cetaradio.fr\/cetawp\/index.php\/wp-json\/wp\/v2\/comments?post=37"}],"version-history":[{"count":72,"href":"http:\/\/nouveausite.cetaradio.fr\/cetawp\/index.php\/wp-json\/wp\/v2\/pages\/37\/revisions"}],"predecessor-version":[{"id":5293,"href":"http:\/\/nouveausite.cetaradio.fr\/cetawp\/index.php\/wp-json\/wp\/v2\/pages\/37\/revisions\/5293"}],"wp:attachment":[{"href":"http:\/\/nouveausite.cetaradio.fr\/cetawp\/index.php\/wp-json\/wp\/v2\/media?parent=37"}],"curies":[{"name":"wp","href":"https:\/\/api.w.org\/{rel}","templated":true}]}}