{"id":3846,"date":"2022-06-03T10:50:31","date_gmt":"2022-06-03T08:50:31","guid":{"rendered":"https:\/\/nouveausite.cetaradio.fr\/cetawp\/?page_id=3846"},"modified":"2025-10-24T17:20:30","modified_gmt":"2025-10-24T15:20:30","slug":"conseil-dadministration-et-du-comite-directeur","status":"publish","type":"page","link":"http:\/\/nouveausite.cetaradio.fr\/cetawp\/index.php\/conseil-dadministration-et-du-comite-directeur\/","title":{"rendered":"Conseil d&rsquo;Administration et du Comit\u00e9 Directeur"},"content":{"rendered":"\t\t<div data-elementor-type=\"wp-page\" data-elementor-id=\"3846\" class=\"elementor elementor-3846\">\n\t\t\t\t\t\t<section class=\"elementor-section elementor-top-section elementor-element elementor-element-9bb4dc0 elementor-section-boxed elementor-section-height-default elementor-section-height-default\" data-id=\"9bb4dc0\" data-element_type=\"section\" data-e-type=\"section\">\n\t\t\t\t\t\t<div class=\"elementor-container elementor-column-gap-default\">\n\t\t\t\t\t<div class=\"elementor-column elementor-col-100 elementor-top-column elementor-element elementor-element-4af0ca5\" data-id=\"4af0ca5\" data-element_type=\"column\" data-e-type=\"column\">\n\t\t\t<div class=\"elementor-widget-wrap elementor-element-populated\">\n\t\t\t\t\t\t<div class=\"elementor-element elementor-element-229bca3 elementor-widget elementor-widget-heading\" data-id=\"229bca3\" data-element_type=\"widget\" data-e-type=\"widget\" data-widget_type=\"heading.default\">\n\t\t\t\t<div class=\"elementor-widget-container\">\n\t\t\t\t\t<h2 class=\"elementor-heading-title elementor-size-default\">Pr\u00e9sident, Vice Pr\u00e9sident, Tr\u00e9sorier, Secr\u00e9taire<\/h2>\t\t\t\t<\/div>\n\t\t\t\t<\/div>\n\t\t\t\t\t<\/div>\n\t\t<\/div>\n\t\t\t\t\t<\/div>\n\t\t<\/section>\n\t\t\t\t<section class=\"elementor-section elementor-top-section elementor-element elementor-element-44aa622 elementor-section-boxed elementor-section-height-default elementor-section-height-default\" data-id=\"44aa622\" data-element_type=\"section\" data-e-type=\"section\">\n\t\t\t\t\t\t<div class=\"elementor-container elementor-column-gap-default\">\n\t\t\t\t\t<div class=\"elementor-column elementor-col-100 elementor-top-column elementor-element elementor-element-4a4f0e5\" data-id=\"4a4f0e5\" data-element_type=\"column\" data-e-type=\"column\">\n\t\t\t<div class=\"elementor-widget-wrap elementor-element-populated\">\n\t\t\t\t\t\t<div class=\"elementor-element elementor-element-db48287 elementor-widget elementor-widget-spacer\" data-id=\"db48287\" data-element_type=\"widget\" data-e-type=\"widget\" data-widget_type=\"spacer.default\">\n\t\t\t\t<div class=\"elementor-widget-container\">\n\t\t\t\t\t\t\t<div class=\"elementor-spacer\">\n\t\t\t<div class=\"elementor-spacer-inner\"><\/div>\n\t\t<\/div>\n\t\t\t\t\t\t<\/div>\n\t\t\t\t<\/div>\n\t\t\t\t\t<\/div>\n\t\t<\/div>\n\t\t\t\t\t<\/div>\n\t\t<\/section>\n\t\t\t\t<section class=\"elementor-section elementor-top-section elementor-element elementor-element-902c04a elementor-section-boxed elementor-section-height-default elementor-section-height-default\" data-id=\"902c04a\" data-element_type=\"section\" data-e-type=\"section\">\n\t\t\t\t\t\t<div class=\"elementor-container elementor-column-gap-default\">\n\t\t\t\t\t<div class=\"elementor-column elementor-col-50 elementor-top-column elementor-element elementor-element-b37a22f\" data-id=\"b37a22f\" data-element_type=\"column\" data-e-type=\"column\">\n\t\t\t<div class=\"elementor-widget-wrap elementor-element-populated\">\n\t\t\t\t\t\t<div class=\"elementor-element elementor-element-2b8deb9 elementor-widget elementor-widget-html\" data-id=\"2b8deb9\" data-element_type=\"widget\" data-e-type=\"widget\" data-widget_type=\"html.default\">\n\t\t\t\t<div class=\"elementor-widget-container\">\n\t\t\t\t\t<img decoding=\"async\" src=\"http:\/\/nouveausite.cetaradio.fr\/cetawp\/wp-content\/uploads\/2019\/07\/IMG_20180530_185135-e1564067172905-768x670.jpg\"class=\"img-sm\">\t\t\t\t<\/div>\n\t\t\t\t<\/div>\n\t\t\t\t\t<\/div>\n\t\t<\/div>\n\t\t\t\t<div class=\"elementor-column elementor-col-50 elementor-top-column elementor-element elementor-element-8b24bf5\" data-id=\"8b24bf5\" data-element_type=\"column\" data-e-type=\"column\">\n\t\t\t<div class=\"elementor-widget-wrap elementor-element-populated\">\n\t\t\t\t\t\t<div class=\"elementor-element elementor-element-62c2991 elementor-widget elementor-widget-html\" data-id=\"62c2991\" data-element_type=\"widget\" data-e-type=\"widget\" data-widget_type=\"html.default\">\n\t\t\t\t<div class=\"elementor-widget-container\">\n\t\t\t\t\t<div class=\"container-fluid\"><br>\n    <h4>Patrick Vlamynck<\/h4><br>\n    <p><strong>Pr\u00e9sident<\/strong> de CETA Radio. M\u00e8ne \u00e0 bien chaque \u00e9missions et dirige chaque Chroniqueurs\/Animateurs vers l'apprentissage de ce domaine.<\/p>\n<\/div>\t\t\t\t<\/div>\n\t\t\t\t<\/div>\n\t\t\t\t\t<\/div>\n\t\t<\/div>\n\t\t\t\t\t<\/div>\n\t\t<\/section>\n\t\t\t\t<section class=\"elementor-section elementor-top-section elementor-element elementor-element-bfdd2e5 elementor-section-boxed elementor-section-height-default elementor-section-height-default\" data-id=\"bfdd2e5\" data-element_type=\"section\" data-e-type=\"section\">\n\t\t\t\t\t\t<div class=\"elementor-container elementor-column-gap-default\">\n\t\t\t\t\t<div class=\"elementor-column elementor-col-50 elementor-top-column elementor-element elementor-element-8307030\" data-id=\"8307030\" data-element_type=\"column\" data-e-type=\"column\">\n\t\t\t<div class=\"elementor-widget-wrap elementor-element-populated\">\n\t\t\t\t\t\t<div class=\"elementor-element elementor-element-38cf9b6 elementor-widget elementor-widget-html\" data-id=\"38cf9b6\" data-element_type=\"widget\" data-e-type=\"widget\" data-widget_type=\"html.default\">\n\t\t\t\t<div class=\"elementor-widget-container\">\n\t\t\t\t\t<div class=\"container-fluid\"><br><br><br>\n    <h4>Vincent VDB<\/h4><br>\n    <p>Le <strong>technicien<\/strong>, <strong>Vice Pr\u00e9sident<\/strong>. M\u00e8ne \u00e0 bien le bon fonctionnement du syst\u00e8me d'\u00e9coute de votre <strong>web-radio<\/strong> ainsi que chaque r\u00e9glages audio pouvant cr\u00e9er quelques d\u00e9sagr\u00e9ments \u00e0 l'\u00e9coute. <\/p><br>\n<\/div>\t\t\t\t<\/div>\n\t\t\t\t<\/div>\n\t\t\t\t\t<\/div>\n\t\t<\/div>\n\t\t\t\t<div class=\"elementor-column elementor-col-50 elementor-top-column elementor-element elementor-element-57ef00d\" data-id=\"57ef00d\" data-element_type=\"column\" data-e-type=\"column\">\n\t\t\t<div class=\"elementor-widget-wrap elementor-element-populated\">\n\t\t\t\t\t\t<div class=\"elementor-element elementor-element-e6102a8 elementor-widget elementor-widget-html\" data-id=\"e6102a8\" data-element_type=\"widget\" data-e-type=\"widget\" data-widget_type=\"html.default\">\n\t\t\t\t<div class=\"elementor-widget-container\">\n\t\t\t\t\t<img decoding=\"async\" src=\"http:\/\/nouveausite.cetaradio.fr\/cetawp\/wp-content\/uploads\/2019\/07\/IMG_20180514_191738-768x1024.jpg\" class=\"img-sm\">\t\t\t\t<\/div>\n\t\t\t\t<\/div>\n\t\t\t\t\t<\/div>\n\t\t<\/div>\n\t\t\t\t\t<\/div>\n\t\t<\/section>\n\t\t\t\t<section class=\"elementor-section elementor-top-section elementor-element elementor-element-fbbf386 elementor-section-boxed elementor-section-height-default elementor-section-height-default\" data-id=\"fbbf386\" data-element_type=\"section\" data-e-type=\"section\">\n\t\t\t\t\t\t<div class=\"elementor-container elementor-column-gap-default\">\n\t\t\t\t\t<div class=\"elementor-column elementor-col-50 elementor-top-column elementor-element elementor-element-f95b4d1\" data-id=\"f95b4d1\" data-element_type=\"column\" data-e-type=\"column\">\n\t\t\t<div class=\"elementor-widget-wrap elementor-element-populated\">\n\t\t\t\t\t\t<div class=\"elementor-element elementor-element-e88d783 elementor-widget elementor-widget-image\" data-id=\"e88d783\" data-element_type=\"widget\" data-e-type=\"widget\" data-widget_type=\"image.default\">\n\t\t\t\t<div class=\"elementor-widget-container\">\n\t\t\t\t\t\t\t\t\t\t\t\t\t\t\t<img fetchpriority=\"high\" decoding=\"async\" width=\"740\" height=\"987\" src=\"http:\/\/nouveausite.cetaradio.fr\/cetawp\/wp-content\/uploads\/2025\/10\/20230816_185549-768x1024.jpg\" class=\"attachment-large size-large wp-image-5296\" alt=\"\" srcset=\"http:\/\/nouveausite.cetaradio.fr\/cetawp\/wp-content\/uploads\/2025\/10\/20230816_185549-768x1024.jpg 768w, http:\/\/nouveausite.cetaradio.fr\/cetawp\/wp-content\/uploads\/2025\/10\/20230816_185549-225x300.jpg 225w, http:\/\/nouveausite.cetaradio.fr\/cetawp\/wp-content\/uploads\/2025\/10\/20230816_185549-1152x1536.jpg 1152w, http:\/\/nouveausite.cetaradio.fr\/cetawp\/wp-content\/uploads\/2025\/10\/20230816_185549-1536x2048.jpg 1536w, http:\/\/nouveausite.cetaradio.fr\/cetawp\/wp-content\/uploads\/2025\/10\/20230816_185549-scaled.jpg 1920w\" sizes=\"100vw\" \/>\t\t\t\t\t\t\t\t\t\t\t\t\t\t\t<\/div>\n\t\t\t\t<\/div>\n\t\t\t\t\t<\/div>\n\t\t<\/div>\n\t\t\t\t<div class=\"elementor-column elementor-col-50 elementor-top-column elementor-element elementor-element-5387766\" data-id=\"5387766\" data-element_type=\"column\" data-e-type=\"column\">\n\t\t\t<div class=\"elementor-widget-wrap elementor-element-populated\">\n\t\t\t\t\t\t<div class=\"elementor-element elementor-element-4631717 elementor-widget elementor-widget-html\" data-id=\"4631717\" data-element_type=\"widget\" data-e-type=\"widget\" data-widget_type=\"html.default\">\n\t\t\t\t<div class=\"elementor-widget-container\">\n\t\t\t\t\t<div class=\"container-fluid\"><br><br><br><br>\n    <h4>Damien<\/h4><br>\n    <p><strong>Tr\u00e9sorier <\/strong> de CETA Radio. Fan de <strong>jeux-vid\u00e9os et d'automobile.<\/strong> Participe \u00e0 l'\u00e9mission Tou'Z'Azimut en fonction de ses disponibilit\u00e9s.<\/p><br>\n<\/div>\t\t\t\t<\/div>\n\t\t\t\t<\/div>\n\t\t\t\t\t<\/div>\n\t\t<\/div>\n\t\t\t\t\t<\/div>\n\t\t<\/section>\n\t\t\t\t<section class=\"elementor-section elementor-top-section elementor-element elementor-element-0cdb442 elementor-section-boxed elementor-section-height-default elementor-section-height-default\" data-id=\"0cdb442\" data-element_type=\"section\" data-e-type=\"section\">\n\t\t\t\t\t\t<div class=\"elementor-container elementor-column-gap-default\">\n\t\t\t\t\t<div class=\"elementor-column elementor-col-50 elementor-top-column elementor-element elementor-element-ecc02ec\" data-id=\"ecc02ec\" data-element_type=\"column\" data-e-type=\"column\">\n\t\t\t<div class=\"elementor-widget-wrap elementor-element-populated\">\n\t\t\t\t\t\t<div class=\"elementor-element elementor-element-8aad0e7 elementor-widget elementor-widget-html\" data-id=\"8aad0e7\" data-element_type=\"widget\" data-e-type=\"widget\" data-widget_type=\"html.default\">\n\t\t\t\t<div class=\"elementor-widget-container\">\n\t\t\t\t\t<div class=\"container-fluid\"><br><br><br><br>\n    <h4>Mickael<\/h4><br>\n    <p><strong>Secr\u00e9taire <\/strong> de CETA Radio. M\u00e8ne \u00e0 bien les Chroniques de l'\u00e9mission <strong>\"Tou'z'azimut\"<\/strong> avec des chroniques \u00e0 chaud d'actualit\u00e9s.<\/p><br>\n<\/div>\t\t\t\t<\/div>\n\t\t\t\t<\/div>\n\t\t\t\t\t<\/div>\n\t\t<\/div>\n\t\t\t\t<div class=\"elementor-column elementor-col-50 elementor-top-column elementor-element elementor-element-613b730\" data-id=\"613b730\" data-element_type=\"column\" data-e-type=\"column\">\n\t\t\t<div class=\"elementor-widget-wrap elementor-element-populated\">\n\t\t\t\t\t\t<div class=\"elementor-element elementor-element-944a26b elementor-widget elementor-widget-html\" data-id=\"944a26b\" data-element_type=\"widget\" data-e-type=\"widget\" data-widget_type=\"html.default\">\n\t\t\t\t<div class=\"elementor-widget-container\">\n\t\t\t\t\t<img decoding=\"async\" src=\"http:\/\/nouveausite.cetaradio.fr\/cetawp\/wp-content\/uploads\/2019\/07\/e39a82d2f0cd8e82b501de53416eecd9.0.jpg\"class=\"img-sm\">\t\t\t\t<\/div>\n\t\t\t\t<\/div>\n\t\t\t\t\t<\/div>\n\t\t<\/div>\n\t\t\t\t\t<\/div>\n\t\t<\/section>\n\t\t\t\t<\/div>\n\t\t","protected":false},"excerpt":{"rendered":"<p>Pr\u00e9sident, Vice Pr\u00e9sident, Tr\u00e9sorier, Secr\u00e9taire Patrick Vlamynck Pr\u00e9sident de CETA Radio. M\u00e8ne \u00e0 bien chaque \u00e9missions et dirige chaque Chroniqueurs\/Animateurs vers l&rsquo;apprentissage de ce domaine. Vincent VDB Le technicien, Vice Pr\u00e9sident. M\u00e8ne \u00e0 bien le bon fonctionnement du syst\u00e8me d&rsquo;\u00e9coute de votre web-radio ainsi que chaque r\u00e9glages audio pouvant cr\u00e9er quelques d\u00e9sagr\u00e9ments \u00e0 l&rsquo;\u00e9coute. Damien &hellip; <\/p>\n<p class=\"link-more\"><a href=\"http:\/\/nouveausite.cetaradio.fr\/cetawp\/index.php\/conseil-dadministration-et-du-comite-directeur\/\" class=\"more-link\">Continuer la lecture<span class=\"screen-reader-text\"> de &laquo;&nbsp;Conseil d&rsquo;Administration et du Comit\u00e9 Directeur&nbsp;&raquo;<\/span><\/a><\/p>\n","protected":false},"author":1,"featured_media":0,"parent":0,"menu_order":0,"comment_status":"closed","ping_status":"closed","template":"","meta":{"h5ap_radio_sources":[],"footnotes":""},"class_list":["post-3846","page","type-page","status-publish","hentry"],"_links":{"self":[{"href":"http:\/\/nouveausite.cetaradio.fr\/cetawp\/index.php\/wp-json\/wp\/v2\/pages\/3846","targetHints":{"allow":["GET"]}}],"collection":[{"href":"http:\/\/nouveausite.cetaradio.fr\/cetawp\/index.php\/wp-json\/wp\/v2\/pages"}],"about":[{"href":"http:\/\/nouveausite.cetaradio.fr\/cetawp\/index.php\/wp-json\/wp\/v2\/types\/page"}],"author":[{"embeddable":true,"href":"http:\/\/nouveausite.cetaradio.fr\/cetawp\/index.php\/wp-json\/wp\/v2\/users\/1"}],"replies":[{"embeddable":true,"href":"http:\/\/nouveausite.cetaradio.fr\/cetawp\/index.php\/wp-json\/wp\/v2\/comments?post=3846"}],"version-history":[{"count":32,"href":"http:\/\/nouveausite.cetaradio.fr\/cetawp\/index.php\/wp-json\/wp\/v2\/pages\/3846\/revisions"}],"predecessor-version":[{"id":5299,"href":"http:\/\/nouveausite.cetaradio.fr\/cetawp\/index.php\/wp-json\/wp\/v2\/pages\/3846\/revisions\/5299"}],"wp:attachment":[{"href":"http:\/\/nouveausite.cetaradio.fr\/cetawp\/index.php\/wp-json\/wp\/v2\/media?parent=3846"}],"curies":[{"name":"wp","href":"https:\/\/api.w.org\/{rel}","templated":true}]}}