{"id":891,"date":"2020-01-29T11:45:26","date_gmt":"2020-01-29T10:45:26","guid":{"rendered":"http:\/\/nouveausite.cetaradio.fr\/cetawp\/?page_id=891"},"modified":"2025-10-24T10:56:21","modified_gmt":"2025-10-24T08:56:21","slug":"adhesion-a-ceta-radio","status":"publish","type":"page","link":"http:\/\/nouveausite.cetaradio.fr\/cetawp\/index.php\/adhesion-a-ceta-radio\/","title":{"rendered":"Adh\u00e9sion \u00e0 CETA Radio"},"content":{"rendered":"\n<p class=\"has-text-align-center has-medium-font-size\"><em><strong>Amateur de radio<\/strong><\/em><\/p>\n\n\n\n<p class=\"has-text-align-left\" style=\"font-size:14px\">Notre webradio est ouverte \u00e0 toutes et \u00e0 tous dans le respect des r\u00e8gles associatives, des membres et du travail d&rsquo;\u00e9quipe pour le bon fonctionnement de CETA Radio.<\/p>\n\n\n\n<p class=\"has-text-align-center\" style=\"font-size:19px\"><strong><em>Vous avez le projet d&rsquo;une \u00e9mission ?<\/em><\/strong><\/p>\n\n\n\n<p class=\"has-text-align-left\" style=\"font-size:14px\">Vous pouvez nous transmettre votre projet par un essai enregistr\u00e9, transmis par mail en nous expliquant les d\u00e9tails \u00e0 contact@cetaradio.fr. Les membres du bureau prendront la d\u00e9cision de la continuit\u00e9 par l&rsquo;attribution d&rsquo;un cr\u00e9neau horaire SI le projet est viable. <\/p>\n\n\n\n<p class=\"has-text-align-center\" style=\"font-size:18px\"><strong><em>Vous souhaitez d\u00e9couvrir la radio et par la suite d\u00e9velopper une \u00e9mission ?<\/em><\/strong><\/p>\n\n\n\n<p class=\"has-text-align-left\" style=\"font-size:14px\">C&rsquo;est possible puisque nous vous donnons la possibilit\u00e9 d&rsquo;apprendre \u00e0 cr\u00e9er, d\u00e9velopper vos chroniques et voir m\u00eame faire de la r\u00e9alisation en venant passer un moment conviviale pendant une \u00e9mission.<\/p>\n\n\n\n<p class=\"has-text-align-center\" style=\"font-size:19px\"><strong><em>Autres activit\u00e9s possibles<\/em><\/strong><br>(Photographie, montage vid\u00e9o, streaming, informatique, technique audio&#8230;)<\/p>\n\n\n\n<p style=\"font-size:14px\">D&rsquo;autres activit\u00e9s sont possibles puisque la communication et le visuel prennent aujourd&rsquo;hui une place tr\u00e8s importante au sein d&rsquo;une webradio mais aussi au sein des associations. Ce sont des m\u00e9tiers d&rsquo;avenir alors pourquoi ne pas mettre un pied dedans avec nous ? <\/p>\n\n\n\n<p class=\"has-text-align-center\" style=\"font-size:23px\"><em style=\"font-weight: bold;\"><strong>Comment adh\u00e9rer  ?<\/strong><\/em><\/p>\n\n\n\n<p class=\"has-text-align-center\" style=\"font-size:14px\">C&rsquo;est simple :<\/p>\n\n\n\n<p class=\"has-text-align-center\" style=\"font-size:14px\">&#8211; Soit vous \u00eates proche du studio qui est bas\u00e9 \u00e0 <strong>Sallaumines<\/strong>, vous venez passer un moment avec nous pendant une \u00e9mission afin de nous transmettre ce que vous souhaitez faire et adh\u00e9rer directement.<\/p>\n\n\n\n<p class=\"has-text-align-center\" style=\"font-size:14px\">&#8211; Soit vous nous contactez par mail \u00e0 <em><strong>contact@cetaradio.fr<\/strong><\/em><\/p>\n\n\n\n<p class=\"has-text-align-center\" style=\"font-size:14px\">ou sur notre page Facebook <strong><a href=\"http:\/\/facebook.com\/cetaofficiel\">CETA Radio &#8211; Officiel<\/a><\/strong> pour vous pr\u00e9senter.<\/p>\n\n\n\n<hr class=\"wp-block-separator has-text-color has-vivid-cyan-blue-color has-css-opacity has-vivid-cyan-blue-background-color has-background\"\/>\n\n\n\n<p class=\"has-text-align-center\"><em><strong>Vous pouvez effectuer votre r\u00e8glement d&rsquo;adh\u00e9sion&#8230; <\/strong><\/em><\/p>\n\n\n\n<p class=\"has-text-align-center\">&#8211; Par esp\u00e8ce, au studio sur rendez-vous (06.84.54.70.42).<\/p>\n\n\n\n<p class=\"has-text-align-center\">&#8211; Par ch\u00e8que \u00e0 l&rsquo;ordre de l&rsquo;association CETA Radio envoy\u00e9 par courrier \u00e0<\/p>\n\n\n\n<p class=\"has-text-align-center\"><strong>CETARADIO, 49 rue du Touquet, 62430 Sallaumines.<\/strong><\/p>\n\n\n\n<p class=\"has-text-align-center\">&#8211; Ou encore par virement sur notre compte bancaire :<\/p>\n\n\n\n<p class=\"has-text-align-center\"> <strong>IBAN : FR76 1562 9026 4300 0206 1640 258 &#8211; BIC : CMCI FR 2A<\/strong><\/p>\n","protected":false},"excerpt":{"rendered":"<p>Amateur de radio Notre webradio est ouverte \u00e0 toutes et \u00e0 tous dans le respect des r\u00e8gles associatives, des membres et du travail d&rsquo;\u00e9quipe pour le bon fonctionnement de CETA Radio. Vous avez le projet d&rsquo;une \u00e9mission ? Vous pouvez nous transmettre votre projet par un essai enregistr\u00e9, transmis par mail en nous expliquant les &hellip; <\/p>\n<p class=\"link-more\"><a href=\"http:\/\/nouveausite.cetaradio.fr\/cetawp\/index.php\/adhesion-a-ceta-radio\/\" class=\"more-link\">Continuer la lecture<span class=\"screen-reader-text\"> de &laquo;&nbsp;Adh\u00e9sion \u00e0 CETA Radio&nbsp;&raquo;<\/span><\/a><\/p>\n","protected":false},"author":1,"featured_media":0,"parent":0,"menu_order":0,"comment_status":"closed","ping_status":"closed","template":"","meta":{"h5ap_radio_sources":[],"footnotes":""},"class_list":["post-891","page","type-page","status-publish","hentry"],"_links":{"self":[{"href":"http:\/\/nouveausite.cetaradio.fr\/cetawp\/index.php\/wp-json\/wp\/v2\/pages\/891","targetHints":{"allow":["GET"]}}],"collection":[{"href":"http:\/\/nouveausite.cetaradio.fr\/cetawp\/index.php\/wp-json\/wp\/v2\/pages"}],"about":[{"href":"http:\/\/nouveausite.cetaradio.fr\/cetawp\/index.php\/wp-json\/wp\/v2\/types\/page"}],"author":[{"embeddable":true,"href":"http:\/\/nouveausite.cetaradio.fr\/cetawp\/index.php\/wp-json\/wp\/v2\/users\/1"}],"replies":[{"embeddable":true,"href":"http:\/\/nouveausite.cetaradio.fr\/cetawp\/index.php\/wp-json\/wp\/v2\/comments?post=891"}],"version-history":[{"count":33,"href":"http:\/\/nouveausite.cetaradio.fr\/cetawp\/index.php\/wp-json\/wp\/v2\/pages\/891\/revisions"}],"predecessor-version":[{"id":5254,"href":"http:\/\/nouveausite.cetaradio.fr\/cetawp\/index.php\/wp-json\/wp\/v2\/pages\/891\/revisions\/5254"}],"wp:attachment":[{"href":"http:\/\/nouveausite.cetaradio.fr\/cetawp\/index.php\/wp-json\/wp\/v2\/media?parent=891"}],"curies":[{"name":"wp","href":"https:\/\/api.w.org\/{rel}","templated":true}]}}