{"id":12,"date":"2019-07-07T21:23:42","date_gmt":"2019-07-07T19:23:42","guid":{"rendered":"http:\/\/nouveausite.cetaradio.fr\/cetawp\/?page_id=12"},"modified":"2025-12-28T03:03:53","modified_gmt":"2025-12-28T02:03:53","slug":"une-section-de-page-daccueil","status":"publish","type":"page","link":"https:\/\/nouveausite.cetaradio.fr\/cetawp\/","title":{"rendered":"CETA Radio&#8230; Ta Webradio Pop-Rock-Electro &#038; Live !"},"content":{"rendered":"<p style=\"text-align: left;\"><strong>CETA Radio<\/strong> est une webradio \u00e0 la programmation <strong>Pop, Rock et<\/strong>\u00a0un peu <strong>Electro <\/strong>se situant entre \u00ab\u00a0<strong>RTL2<\/strong>\u00a0\u00bb et \u00ab\u00a0<strong>Virgin Radio<\/strong>\u00a0\u00bb dans sa programmation, avec un petit\u00a0 cot\u00e9 \u00ab\u00a0<strong>OUI FM<\/strong>\u00a0\u00bb pour la d\u00e9couverte musicale.<\/p>\n<p><strong>A<\/strong>u programme de la musique <strong>Pop,\u00a0 Rock et \u00e9lectro 24h\/24, 7j\/7, <\/strong>des <strong>Emissions<\/strong> diverses d&rsquo;<strong>information<\/strong> et de <strong>d\u00e9couverte musicale<\/strong> du local au national, le tout en\u00a0 <em><strong>EN DIRECT<\/strong><\/em>.<\/p>\n<p style=\"text-align: left;\"><strong>G<\/strong>\u00e9r\u00e9e par des b\u00e9n\u00e9voles qui ont diff\u00e9rentes passions, dans des domaines vari\u00e9s (musique, audiovisuel, art, culture, actualit\u00e9, informatique etc&#8230;), tous \u0153uvrant pour vous offrir <strong>le meilleur<\/strong>.<\/p>\n<p style=\"text-align: left;\"><strong>N<\/strong>ous sommes aussi \u00e0 votre \u00e9coute pour la programmation car&#8230;<\/p>\n<h3 style=\"text-align: center;\"><strong>CETA Radio&#8230; c&rsquo;est TA Web-Radio !<\/strong><\/h3>\n","protected":false},"excerpt":{"rendered":"<p>CETA Radio est une webradio \u00e0 la programmation Pop, Rock et\u00a0un peu Electro se situant entre \u00ab\u00a0RTL2\u00a0\u00bb et \u00ab\u00a0Virgin Radio\u00a0\u00bb dans sa programmation, avec un petit\u00a0 cot\u00e9 \u00ab\u00a0OUI FM\u00a0\u00bb pour la d\u00e9couverte musicale. Au programme de la musique Pop,\u00a0 Rock et \u00e9lectro 24h\/24, 7j\/7, des Emissions diverses d&rsquo;information et de d\u00e9couverte musicale du local au &hellip; <\/p>\n<p class=\"link-more\"><a href=\"https:\/\/nouveausite.cetaradio.fr\/cetawp\/\" class=\"more-link\">Continuer la lecture<span class=\"screen-reader-text\"> de &laquo;&nbsp;CETA Radio&#8230; Ta Webradio Pop-Rock-Electro &#038; Live !&nbsp;&raquo;<\/span><\/a><\/p>\n","protected":false},"author":1,"featured_media":0,"parent":0,"menu_order":0,"comment_status":"closed","ping_status":"open","template":"","meta":{"h5ap_radio_sources":[],"footnotes":""},"class_list":["post-12","page","type-page","status-publish","hentry"],"_links":{"self":[{"href":"https:\/\/nouveausite.cetaradio.fr\/cetawp\/index.php\/wp-json\/wp\/v2\/pages\/12","targetHints":{"allow":["GET"]}}],"collection":[{"href":"https:\/\/nouveausite.cetaradio.fr\/cetawp\/index.php\/wp-json\/wp\/v2\/pages"}],"about":[{"href":"https:\/\/nouveausite.cetaradio.fr\/cetawp\/index.php\/wp-json\/wp\/v2\/types\/page"}],"author":[{"embeddable":true,"href":"https:\/\/nouveausite.cetaradio.fr\/cetawp\/index.php\/wp-json\/wp\/v2\/users\/1"}],"replies":[{"embeddable":true,"href":"https:\/\/nouveausite.cetaradio.fr\/cetawp\/index.php\/wp-json\/wp\/v2\/comments?post=12"}],"version-history":[{"count":20,"href":"https:\/\/nouveausite.cetaradio.fr\/cetawp\/index.php\/wp-json\/wp\/v2\/pages\/12\/revisions"}],"predecessor-version":[{"id":5227,"href":"https:\/\/nouveausite.cetaradio.fr\/cetawp\/index.php\/wp-json\/wp\/v2\/pages\/12\/revisions\/5227"}],"wp:attachment":[{"href":"https:\/\/nouveausite.cetaradio.fr\/cetawp\/index.php\/wp-json\/wp\/v2\/media?parent=12"}],"curies":[{"name":"wp","href":"https:\/\/api.w.org\/{rel}","templated":true}]}}