{"id":1898,"date":"2021-01-24T12:07:49","date_gmt":"2021-01-24T11:07:49","guid":{"rendered":"http:\/\/nouveausite.cetaradio.fr\/cetawp\/?page_id=1898"},"modified":"2025-10-24T17:24:38","modified_gmt":"2025-10-24T15:24:38","slug":"notre-programmation","status":"publish","type":"page","link":"https:\/\/nouveausite.cetaradio.fr\/cetawp\/index.php\/notre-programmation\/","title":{"rendered":"Notre Programmation"},"content":{"rendered":"\t\t<div data-elementor-type=\"wp-page\" data-elementor-id=\"1898\" class=\"elementor elementor-1898\">\n\t\t\t\t\t\t<section class=\"elementor-section elementor-top-section elementor-element elementor-element-469832f elementor-section-stretched elementor-section-boxed elementor-section-height-default elementor-section-height-default\" data-id=\"469832f\" data-element_type=\"section\" data-e-type=\"section\" data-settings=\"{&quot;stretch_section&quot;:&quot;section-stretched&quot;}\">\n\t\t\t\t\t\t<div class=\"elementor-container elementor-column-gap-default\">\n\t\t\t\t\t<div class=\"elementor-column elementor-col-100 elementor-top-column elementor-element elementor-element-5b80835\" data-id=\"5b80835\" data-element_type=\"column\" data-e-type=\"column\">\n\t\t\t<div class=\"elementor-widget-wrap elementor-element-populated\">\n\t\t\t\t\t\t<div class=\"elementor-element elementor-element-766437d elementor-widget elementor-widget-accordion\" data-id=\"766437d\" data-element_type=\"widget\" data-e-type=\"widget\" data-widget_type=\"accordion.default\">\n\t\t\t\t<div class=\"elementor-widget-container\">\n\t\t\t\t\t\t\t<div class=\"elementor-accordion\">\n\t\t\t\t\t\t\t<div class=\"elementor-accordion-item\">\n\t\t\t\t\t<div id=\"elementor-tab-title-1241\" class=\"elementor-tab-title\" data-tab=\"1\" role=\"button\" aria-controls=\"elementor-tab-content-1241\" aria-expanded=\"false\">\n\t\t\t\t\t\t\t\t\t\t\t\t\t<span class=\"elementor-accordion-icon elementor-accordion-icon-left\" aria-hidden=\"true\">\n\t\t\t\t\t\t\t\t\t\t\t\t\t\t\t<span class=\"elementor-accordion-icon-closed\"><i class=\"fas fa-caret-square-down\"><\/i><\/span>\n\t\t\t\t\t\t\t\t<span class=\"elementor-accordion-icon-opened\"><i class=\"far fa-caret-square-up\"><\/i><\/span>\n\t\t\t\t\t\t\t\t\t\t\t\t\t\t<\/span>\n\t\t\t\t\t\t\t\t\t\t\t\t<a class=\"elementor-accordion-title\" tabindex=\"0\">Musique Pop\/Rock\/Electro<\/a>\n\t\t\t\t\t<\/div>\n\t\t\t\t\t<div id=\"elementor-tab-content-1241\" class=\"elementor-tab-content elementor-clearfix\" data-tab=\"1\" role=\"region\" aria-labelledby=\"elementor-tab-title-1241\"><p><img fetchpriority=\"high\" decoding=\"async\" class=\"alignnone size-large wp-image-2966\" src=\"http:\/\/nouveausite.cetaradio.fr\/cetawp\/wp-content\/uploads\/2021\/09\/Banniere-horaires-PRE-non-stop-1024x576.png\" alt=\"\" width=\"525\" height=\"295\" srcset=\"https:\/\/nouveausite.cetaradio.fr\/cetawp\/wp-content\/uploads\/2021\/09\/Banniere-horaires-PRE-non-stop-1024x576.png 1024w, https:\/\/nouveausite.cetaradio.fr\/cetawp\/wp-content\/uploads\/2021\/09\/Banniere-horaires-PRE-non-stop-300x169.png 300w, https:\/\/nouveausite.cetaradio.fr\/cetawp\/wp-content\/uploads\/2021\/09\/Banniere-horaires-PRE-non-stop-768x432.png 768w, https:\/\/nouveausite.cetaradio.fr\/cetawp\/wp-content\/uploads\/2021\/09\/Banniere-horaires-PRE-non-stop-1536x864.png 1536w, https:\/\/nouveausite.cetaradio.fr\/cetawp\/wp-content\/uploads\/2021\/09\/Banniere-horaires-PRE-non-stop.png 1920w\" sizes=\"(max-width: 525px) 100vw, 525px\" \/><\/p><p><span style=\"color: #6287f5;\"><strong>Pop\/Rock\/Electro, d&rsquo;aujourd&rsquo;hui et d&rsquo;hier !<\/strong>\u00a0<\/span><\/p><p>Et nos \u00e9missions ci-dessous (clic pour d\u00e9couvrir)<\/p><\/div>\n\t\t\t\t<\/div>\n\t\t\t\t\t\t\t<div class=\"elementor-accordion-item\">\n\t\t\t\t\t<div id=\"elementor-tab-title-1242\" class=\"elementor-tab-title\" data-tab=\"2\" role=\"button\" aria-controls=\"elementor-tab-content-1242\" aria-expanded=\"false\">\n\t\t\t\t\t\t\t\t\t\t\t\t\t<span class=\"elementor-accordion-icon elementor-accordion-icon-left\" aria-hidden=\"true\">\n\t\t\t\t\t\t\t\t\t\t\t\t\t\t\t<span class=\"elementor-accordion-icon-closed\"><i class=\"fas fa-caret-square-down\"><\/i><\/span>\n\t\t\t\t\t\t\t\t<span class=\"elementor-accordion-icon-opened\"><i class=\"far fa-caret-square-up\"><\/i><\/span>\n\t\t\t\t\t\t\t\t\t\t\t\t\t\t<\/span>\n\t\t\t\t\t\t\t\t\t\t\t\t<a class=\"elementor-accordion-title\" tabindex=\"0\">Tou'Z'azimut<\/a>\n\t\t\t\t\t<\/div>\n\t\t\t\t\t<div id=\"elementor-tab-content-1242\" class=\"elementor-tab-content elementor-clearfix\" data-tab=\"2\" role=\"region\" aria-labelledby=\"elementor-tab-title-1242\"><p><img decoding=\"async\" class=\"alignnone size-large wp-image-2951\" src=\"http:\/\/nouveausite.cetaradio.fr\/cetawp\/wp-content\/uploads\/2021\/09\/Banniere-horaires-Touzazimut-1024x576.png\" alt=\"\" width=\"525\" height=\"295\" srcset=\"https:\/\/nouveausite.cetaradio.fr\/cetawp\/wp-content\/uploads\/2021\/09\/Banniere-horaires-Touzazimut-1024x576.png 1024w, https:\/\/nouveausite.cetaradio.fr\/cetawp\/wp-content\/uploads\/2021\/09\/Banniere-horaires-Touzazimut-300x169.png 300w, https:\/\/nouveausite.cetaradio.fr\/cetawp\/wp-content\/uploads\/2021\/09\/Banniere-horaires-Touzazimut-768x432.png 768w, https:\/\/nouveausite.cetaradio.fr\/cetawp\/wp-content\/uploads\/2021\/09\/Banniere-horaires-Touzazimut-1536x864.png 1536w, https:\/\/nouveausite.cetaradio.fr\/cetawp\/wp-content\/uploads\/2021\/09\/Banniere-horaires-Touzazimut.png 1920w\" sizes=\"(max-width: 525px) 100vw, 525px\" \/><\/p><p>Emission anim\u00e9e <strong>chaque vendredis aux horaires indiqu\u00e9s<\/strong> par Patrick avec la pr\u00e9sence d&rsquo;autres membres de l&rsquo;\u00e9quipe sur twitch.tv\/cetaradio et cetaradio.fr .<\/p><\/div>\n\t\t\t\t<\/div>\n\t\t\t\t\t\t\t<div class=\"elementor-accordion-item\">\n\t\t\t\t\t<div id=\"elementor-tab-title-1243\" class=\"elementor-tab-title\" data-tab=\"3\" role=\"button\" aria-controls=\"elementor-tab-content-1243\" aria-expanded=\"false\">\n\t\t\t\t\t\t\t\t\t\t\t\t\t<span class=\"elementor-accordion-icon elementor-accordion-icon-left\" aria-hidden=\"true\">\n\t\t\t\t\t\t\t\t\t\t\t\t\t\t\t<span class=\"elementor-accordion-icon-closed\"><i class=\"fas fa-caret-square-down\"><\/i><\/span>\n\t\t\t\t\t\t\t\t<span class=\"elementor-accordion-icon-opened\"><i class=\"far fa-caret-square-up\"><\/i><\/span>\n\t\t\t\t\t\t\t\t\t\t\t\t\t\t<\/span>\n\t\t\t\t\t\t\t\t\t\t\t\t<a class=\"elementor-accordion-title\" tabindex=\"0\">Nord Acoustic Show<\/a>\n\t\t\t\t\t<\/div>\n\t\t\t\t\t<div id=\"elementor-tab-content-1243\" class=\"elementor-tab-content elementor-clearfix\" data-tab=\"3\" role=\"region\" aria-labelledby=\"elementor-tab-title-1243\"><p><img decoding=\"async\" class=\"alignnone size-large wp-image-2962\" src=\"http:\/\/nouveausite.cetaradio.fr\/cetawp\/wp-content\/uploads\/2021\/09\/Banniere-horaires-NAS-1024x576.png\" alt=\"\" width=\"525\" height=\"295\" srcset=\"https:\/\/nouveausite.cetaradio.fr\/cetawp\/wp-content\/uploads\/2021\/09\/Banniere-horaires-NAS-1024x576.png 1024w, https:\/\/nouveausite.cetaradio.fr\/cetawp\/wp-content\/uploads\/2021\/09\/Banniere-horaires-NAS-300x169.png 300w, https:\/\/nouveausite.cetaradio.fr\/cetawp\/wp-content\/uploads\/2021\/09\/Banniere-horaires-NAS-768x432.png 768w, https:\/\/nouveausite.cetaradio.fr\/cetawp\/wp-content\/uploads\/2021\/09\/Banniere-horaires-NAS-1536x864.png 1536w, https:\/\/nouveausite.cetaradio.fr\/cetawp\/wp-content\/uploads\/2021\/09\/Banniere-horaires-NAS.png 1920w\" sizes=\"(max-width: 525px) 100vw, 525px\" \/><\/p><p><strong><span style=\"color: #ff9900;\">L&rsquo;\u00e9mission des groupes et artistes solo, Auteur, Compositeur, Interpr\u00e8te du Nord de la France, ayant 7 \u00e0 8 Titres, anim\u00e9e par Patrick et Vincent, assist\u00e9s des autres membres de l&rsquo;\u00e9quipe.<\/span><\/strong><\/p><\/div>\n\t\t\t\t<\/div>\n\t\t\t\t\t\t\t<div class=\"elementor-accordion-item\">\n\t\t\t\t\t<div id=\"elementor-tab-title-1244\" class=\"elementor-tab-title\" data-tab=\"4\" role=\"button\" aria-controls=\"elementor-tab-content-1244\" aria-expanded=\"false\">\n\t\t\t\t\t\t\t\t\t\t\t\t\t<span class=\"elementor-accordion-icon elementor-accordion-icon-left\" aria-hidden=\"true\">\n\t\t\t\t\t\t\t\t\t\t\t\t\t\t\t<span class=\"elementor-accordion-icon-closed\"><i class=\"fas fa-caret-square-down\"><\/i><\/span>\n\t\t\t\t\t\t\t\t<span class=\"elementor-accordion-icon-opened\"><i class=\"far fa-caret-square-up\"><\/i><\/span>\n\t\t\t\t\t\t\t\t\t\t\t\t\t\t<\/span>\n\t\t\t\t\t\t\t\t\t\t\t\t<a class=\"elementor-accordion-title\" tabindex=\"0\">CETA Cover Show<\/a>\n\t\t\t\t\t<\/div>\n\t\t\t\t\t<div id=\"elementor-tab-content-1244\" class=\"elementor-tab-content elementor-clearfix\" data-tab=\"4\" role=\"region\" aria-labelledby=\"elementor-tab-title-1244\"><p><img loading=\"lazy\" decoding=\"async\" class=\"size-large wp-image-2961 alignnone\" src=\"http:\/\/nouveausite.cetaradio.fr\/cetawp\/wp-content\/uploads\/2021\/09\/Banniere-horaires-CETAcover-show-1024x576.png\" alt=\"\" width=\"525\" height=\"295\" srcset=\"https:\/\/nouveausite.cetaradio.fr\/cetawp\/wp-content\/uploads\/2021\/09\/Banniere-horaires-CETAcover-show-1024x576.png 1024w, https:\/\/nouveausite.cetaradio.fr\/cetawp\/wp-content\/uploads\/2021\/09\/Banniere-horaires-CETAcover-show-300x169.png 300w, https:\/\/nouveausite.cetaradio.fr\/cetawp\/wp-content\/uploads\/2021\/09\/Banniere-horaires-CETAcover-show-768x432.png 768w, https:\/\/nouveausite.cetaradio.fr\/cetawp\/wp-content\/uploads\/2021\/09\/Banniere-horaires-CETAcover-show-1536x864.png 1536w, https:\/\/nouveausite.cetaradio.fr\/cetawp\/wp-content\/uploads\/2021\/09\/Banniere-horaires-CETAcover-show.png 1920w\" sizes=\"(max-width: 525px) 100vw, 525px\" \/><\/p><p><strong><span style=\"color: #3366ff;\">L&rsquo;\u00e9mission des Cover band, Tribute Bands et artistes solo, Auteur, Interpr\u00e8te de la r\u00e9gion, ayant 1 \u00e0 3 titres personnel et faisant essentiellement des reprises (sur le web et en concert), anim\u00e9e par Vincent et Patrick, assist\u00e9s des autres membres de l&rsquo;\u00e9quipe.<\/span><\/strong><\/p><\/div>\n\t\t\t\t<\/div>\n\t\t\t\t\t\t\t<div class=\"elementor-accordion-item\">\n\t\t\t\t\t<div id=\"elementor-tab-title-1245\" class=\"elementor-tab-title\" data-tab=\"5\" role=\"button\" aria-controls=\"elementor-tab-content-1245\" aria-expanded=\"false\">\n\t\t\t\t\t\t\t\t\t\t\t\t\t<span class=\"elementor-accordion-icon elementor-accordion-icon-left\" aria-hidden=\"true\">\n\t\t\t\t\t\t\t\t\t\t\t\t\t\t\t<span class=\"elementor-accordion-icon-closed\"><i class=\"fas fa-caret-square-down\"><\/i><\/span>\n\t\t\t\t\t\t\t\t<span class=\"elementor-accordion-icon-opened\"><i class=\"far fa-caret-square-up\"><\/i><\/span>\n\t\t\t\t\t\t\t\t\t\t\t\t\t\t<\/span>\n\t\t\t\t\t\t\t\t\t\t\t\t<a class=\"elementor-accordion-title\" tabindex=\"0\">Le Top<\/a>\n\t\t\t\t\t<\/div>\n\t\t\t\t\t<div id=\"elementor-tab-content-1245\" class=\"elementor-tab-content elementor-clearfix\" data-tab=\"5\" role=\"region\" aria-labelledby=\"elementor-tab-title-1245\"><p><img loading=\"lazy\" decoding=\"async\" class=\"size-large wp-image-2952 alignnone\" src=\"http:\/\/nouveausite.cetaradio.fr\/cetawp\/wp-content\/uploads\/2021\/09\/Banniere-horaires-Le-Top-1024x576.png\" alt=\"\" width=\"525\" height=\"295\" srcset=\"https:\/\/nouveausite.cetaradio.fr\/cetawp\/wp-content\/uploads\/2021\/09\/Banniere-horaires-Le-Top-1024x576.png 1024w, https:\/\/nouveausite.cetaradio.fr\/cetawp\/wp-content\/uploads\/2021\/09\/Banniere-horaires-Le-Top-300x169.png 300w, https:\/\/nouveausite.cetaradio.fr\/cetawp\/wp-content\/uploads\/2021\/09\/Banniere-horaires-Le-Top-768x432.png 768w, https:\/\/nouveausite.cetaradio.fr\/cetawp\/wp-content\/uploads\/2021\/09\/Banniere-horaires-Le-Top-1536x864.png 1536w, https:\/\/nouveausite.cetaradio.fr\/cetawp\/wp-content\/uploads\/2021\/09\/Banniere-horaires-Le-Top.png 1920w\" sizes=\"(max-width: 525px) 100vw, 525px\" \/><\/p>\n<p><strong style=\"color: var( --e-global-color-text ); font-family: var( --e-global-typography-text-font-family ), Sans-serif; font-size: 1rem;\">Pr\u00e9sent\u00e9 par Laurent (Bot) de<\/strong><strong style=\"color: var( --e-global-color-text ); font-family: var( --e-global-typography-text-font-family ), Sans-serif; font-size: 1rem;\">&nbsp;20h00 \u00e0 21h00.<\/strong><\/p><\/div>\n\t\t\t\t<\/div>\n\t\t\t\t\t\t\t<div class=\"elementor-accordion-item\">\n\t\t\t\t\t<div id=\"elementor-tab-title-1246\" class=\"elementor-tab-title\" data-tab=\"6\" role=\"button\" aria-controls=\"elementor-tab-content-1246\" aria-expanded=\"false\">\n\t\t\t\t\t\t\t\t\t\t\t\t\t<span class=\"elementor-accordion-icon elementor-accordion-icon-left\" aria-hidden=\"true\">\n\t\t\t\t\t\t\t\t\t\t\t\t\t\t\t<span class=\"elementor-accordion-icon-closed\"><i class=\"fas fa-caret-square-down\"><\/i><\/span>\n\t\t\t\t\t\t\t\t<span class=\"elementor-accordion-icon-opened\"><i class=\"far fa-caret-square-up\"><\/i><\/span>\n\t\t\t\t\t\t\t\t\t\t\t\t\t\t<\/span>\n\t\t\t\t\t\t\t\t\t\t\t\t<a class=\"elementor-accordion-title\" tabindex=\"0\">CETALENT d'Chez Nous ! <\/a>\n\t\t\t\t\t<\/div>\n\t\t\t\t\t<div id=\"elementor-tab-content-1246\" class=\"elementor-tab-content elementor-clearfix\" data-tab=\"6\" role=\"region\" aria-labelledby=\"elementor-tab-title-1246\"><p><img loading=\"lazy\" decoding=\"async\" class=\"alignnone size-large wp-image-2953\" src=\"http:\/\/nouveausite.cetaradio.fr\/cetawp\/wp-content\/uploads\/2021\/09\/Banniere-CETALENT-de-chez-nous-1-1024x576.png\" alt=\"\" width=\"525\" height=\"295\" srcset=\"https:\/\/nouveausite.cetaradio.fr\/cetawp\/wp-content\/uploads\/2021\/09\/Banniere-CETALENT-de-chez-nous-1-1024x576.png 1024w, https:\/\/nouveausite.cetaradio.fr\/cetawp\/wp-content\/uploads\/2021\/09\/Banniere-CETALENT-de-chez-nous-1-300x169.png 300w, https:\/\/nouveausite.cetaradio.fr\/cetawp\/wp-content\/uploads\/2021\/09\/Banniere-CETALENT-de-chez-nous-1-768x432.png 768w, https:\/\/nouveausite.cetaradio.fr\/cetawp\/wp-content\/uploads\/2021\/09\/Banniere-CETALENT-de-chez-nous-1-1536x864.png 1536w, https:\/\/nouveausite.cetaradio.fr\/cetawp\/wp-content\/uploads\/2021\/09\/Banniere-CETALENT-de-chez-nous-1.png 1920w\" sizes=\"(max-width: 525px) 100vw, 525px\" \/><\/p><p>Emission anim\u00e9e par les membres de l&rsquo;\u00e9quipe.\u00a0<\/p><\/div>\n\t\t\t\t<\/div>\n\t\t\t\t\t\t\t<div class=\"elementor-accordion-item\">\n\t\t\t\t\t<div id=\"elementor-tab-title-1247\" class=\"elementor-tab-title\" data-tab=\"7\" role=\"button\" aria-controls=\"elementor-tab-content-1247\" aria-expanded=\"false\">\n\t\t\t\t\t\t\t\t\t\t\t\t\t<span class=\"elementor-accordion-icon elementor-accordion-icon-left\" aria-hidden=\"true\">\n\t\t\t\t\t\t\t\t\t\t\t\t\t\t\t<span class=\"elementor-accordion-icon-closed\"><i class=\"fas fa-caret-square-down\"><\/i><\/span>\n\t\t\t\t\t\t\t\t<span class=\"elementor-accordion-icon-opened\"><i class=\"far fa-caret-square-up\"><\/i><\/span>\n\t\t\t\t\t\t\t\t\t\t\t\t\t\t<\/span>\n\t\t\t\t\t\t\t\t\t\t\t\t<a class=\"elementor-accordion-title\" tabindex=\"0\">Autour de la Musique<\/a>\n\t\t\t\t\t<\/div>\n\t\t\t\t\t<div id=\"elementor-tab-content-1247\" class=\"elementor-tab-content elementor-clearfix\" data-tab=\"7\" role=\"region\" aria-labelledby=\"elementor-tab-title-1247\"><p><img loading=\"lazy\" decoding=\"async\" class=\"alignnone size-large wp-image-2957\" src=\"http:\/\/nouveausite.cetaradio.fr\/cetawp\/wp-content\/uploads\/2021\/09\/Banniere-horaires-Autour-de-la-Musique-1024x576.png\" alt=\"\" width=\"525\" height=\"295\" srcset=\"https:\/\/nouveausite.cetaradio.fr\/cetawp\/wp-content\/uploads\/2021\/09\/Banniere-horaires-Autour-de-la-Musique-1024x576.png 1024w, https:\/\/nouveausite.cetaradio.fr\/cetawp\/wp-content\/uploads\/2021\/09\/Banniere-horaires-Autour-de-la-Musique-300x169.png 300w, https:\/\/nouveausite.cetaradio.fr\/cetawp\/wp-content\/uploads\/2021\/09\/Banniere-horaires-Autour-de-la-Musique-768x432.png 768w, https:\/\/nouveausite.cetaradio.fr\/cetawp\/wp-content\/uploads\/2021\/09\/Banniere-horaires-Autour-de-la-Musique-1536x864.png 1536w, https:\/\/nouveausite.cetaradio.fr\/cetawp\/wp-content\/uploads\/2021\/09\/Banniere-horaires-Autour-de-la-Musique.png 1920w\" sizes=\"(max-width: 525px) 100vw, 525px\" \/><\/p>\n<p><strong><span style=\"color: #b81111;\"><span style=\"font-size: 1rem;\">Des Infos, du divertissement, de la musique, du jeu vid\u00e9o !<\/span><\/span><\/strong><\/p><p><strong><span style=\"color: #b81111;\"><span style=\"font-family: var( --e-global-typography-text-font-family ), Sans-serif; font-size: 1rem;\">L&rsquo;\u00e9mission&nbsp; \u00ab\u00a0Autour de la Musique\u00a0\u00bb <\/span><\/span><\/strong><\/p>\n<p><em><span style=\"color: #b81111;\"><span style=\"font-family: var( --e-global-typography-text-font-family ), Sans-serif; font-size: 1rem;\">Emission anim\u00e9e par Vincent VDB, actuellement en stand-by.<\/span><\/span><\/em><\/p><\/div>\n\t\t\t\t<\/div>\n\t\t\t\t\t\t\t\t<\/div>\n\t\t\t\t\t\t<\/div>\n\t\t\t\t<\/div>\n\t\t\t\t\t<\/div>\n\t\t<\/div>\n\t\t\t\t\t<\/div>\n\t\t<\/section>\n\t\t\t\t<section class=\"elementor-section elementor-top-section elementor-element elementor-element-26b2671 elementor-section-full_width elementor-section-stretched elementor-section-height-default elementor-section-height-default\" data-id=\"26b2671\" data-element_type=\"section\" data-e-type=\"section\" data-settings=\"{&quot;stretch_section&quot;:&quot;section-stretched&quot;}\">\n\t\t\t\t\t\t<div class=\"elementor-container elementor-column-gap-default\">\n\t\t\t\t\t<div class=\"elementor-column elementor-col-100 elementor-top-column elementor-element elementor-element-01ec895\" data-id=\"01ec895\" data-element_type=\"column\" data-e-type=\"column\">\n\t\t\t<div class=\"elementor-widget-wrap elementor-element-populated\">\n\t\t\t\t\t\t<div class=\"elementor-element elementor-element-21e96cb elementor-widget elementor-widget-html\" data-id=\"21e96cb\" data-element_type=\"widget\" data-e-type=\"widget\" data-widget_type=\"html.default\">\n\t\t\t\t<div class=\"elementor-widget-container\">\n\t\t\t\t\t<iframe src=\"https:\/\/calendar.google.com\/calendar\/embed?src=91kh40k09kh45c231prhg8dqu4%40group.calendar.google.com&ctz=Europe%2FParis\" style=\"border: 0\" width=\"800\" height=\"600\" frameborder=\"0\" scrolling=\"no\"><\/iframe>\t\t\t\t<\/div>\n\t\t\t\t<\/div>\n\t\t\t\t\t<\/div>\n\t\t<\/div>\n\t\t\t\t\t<\/div>\n\t\t<\/section>\n\t\t\t\t<\/div>\n\t\t","protected":false},"excerpt":{"rendered":"<p>Musique Pop\/Rock\/Electro Pop\/Rock\/Electro, d&rsquo;aujourd&rsquo;hui et d&rsquo;hier !\u00a0 Et nos \u00e9missions ci-dessous (clic pour d\u00e9couvrir) Tou&rsquo;Z&rsquo;azimut Emission anim\u00e9e chaque vendredis aux horaires indiqu\u00e9s par Patrick avec la pr\u00e9sence d&rsquo;autres membres de l&rsquo;\u00e9quipe sur twitch.tv\/cetaradio et cetaradio.fr . Nord Acoustic Show L&rsquo;\u00e9mission des groupes et artistes solo, Auteur, Compositeur, Interpr\u00e8te du Nord de la France, ayant 7 &hellip; <\/p>\n<p class=\"link-more\"><a href=\"https:\/\/nouveausite.cetaradio.fr\/cetawp\/index.php\/notre-programmation\/\" class=\"more-link\">Continuer la lecture<span class=\"screen-reader-text\"> de &laquo;&nbsp;Notre Programmation&nbsp;&raquo;<\/span><\/a><\/p>\n","protected":false},"author":1,"featured_media":0,"parent":0,"menu_order":0,"comment_status":"closed","ping_status":"closed","template":"","meta":{"h5ap_radio_sources":[],"footnotes":""},"class_list":["post-1898","page","type-page","status-publish","hentry"],"_links":{"self":[{"href":"https:\/\/nouveausite.cetaradio.fr\/cetawp\/index.php\/wp-json\/wp\/v2\/pages\/1898","targetHints":{"allow":["GET"]}}],"collection":[{"href":"https:\/\/nouveausite.cetaradio.fr\/cetawp\/index.php\/wp-json\/wp\/v2\/pages"}],"about":[{"href":"https:\/\/nouveausite.cetaradio.fr\/cetawp\/index.php\/wp-json\/wp\/v2\/types\/page"}],"author":[{"embeddable":true,"href":"https:\/\/nouveausite.cetaradio.fr\/cetawp\/index.php\/wp-json\/wp\/v2\/users\/1"}],"replies":[{"embeddable":true,"href":"https:\/\/nouveausite.cetaradio.fr\/cetawp\/index.php\/wp-json\/wp\/v2\/comments?post=1898"}],"version-history":[{"count":220,"href":"https:\/\/nouveausite.cetaradio.fr\/cetawp\/index.php\/wp-json\/wp\/v2\/pages\/1898\/revisions"}],"predecessor-version":[{"id":5302,"href":"https:\/\/nouveausite.cetaradio.fr\/cetawp\/index.php\/wp-json\/wp\/v2\/pages\/1898\/revisions\/5302"}],"wp:attachment":[{"href":"https:\/\/nouveausite.cetaradio.fr\/cetawp\/index.php\/wp-json\/wp\/v2\/media?parent=1898"}],"curies":[{"name":"wp","href":"https:\/\/api.w.org\/{rel}","templated":true}]}}