{"id":2504,"date":"2021-06-13T22:00:29","date_gmt":"2021-06-13T20:00:29","guid":{"rendered":"http:\/\/nouveausite.cetaradio.fr\/cetawp\/?page_id=2504"},"modified":"2022-06-15T10:45:58","modified_gmt":"2022-06-15T08:45:58","slug":"cetacovershow","status":"publish","type":"page","link":"https:\/\/nouveausite.cetaradio.fr\/cetawp\/index.php\/cetacovershow\/","title":{"rendered":"CETA Cover Show"},"content":{"rendered":"\t\t<div data-elementor-type=\"wp-page\" data-elementor-id=\"2504\" class=\"elementor elementor-2504\">\n\t\t\t\t\t\t<section class=\"elementor-section elementor-top-section elementor-element elementor-element-e54c988 elementor-section-stretched elementor-section-boxed elementor-section-height-default elementor-section-height-default\" data-id=\"e54c988\" data-element_type=\"section\" data-e-type=\"section\" data-settings=\"{&quot;stretch_section&quot;:&quot;section-stretched&quot;}\">\n\t\t\t\t\t\t<div class=\"elementor-container elementor-column-gap-default\">\n\t\t\t\t\t<div class=\"elementor-column elementor-col-100 elementor-top-column elementor-element elementor-element-c4712ea\" data-id=\"c4712ea\" data-element_type=\"column\" data-e-type=\"column\">\n\t\t\t<div class=\"elementor-widget-wrap elementor-element-populated\">\n\t\t\t\t\t\t<div class=\"elementor-element elementor-element-6d01ea9 elementor-widget elementor-widget-image\" data-id=\"6d01ea9\" data-element_type=\"widget\" data-e-type=\"widget\" data-widget_type=\"image.default\">\n\t\t\t\t<div class=\"elementor-widget-container\">\n\t\t\t\t\t\t\t\t\t\t\t\t\t\t\t<img decoding=\"async\" src=\"https:\/\/nouveausite.cetaradio.fr\/cetawp\/wp-content\/uploads\/2021\/01\/Fond-logo-CETA-Cover-Show-new-site-e1654088826239.png\" title=\"Fond logo CETA Cover Show new site\" alt=\"Fond logo CETA Cover Show new site\" loading=\"lazy\" \/>\t\t\t\t\t\t\t\t\t\t\t\t\t\t\t<\/div>\n\t\t\t\t<\/div>\n\t\t\t\t\t<\/div>\n\t\t<\/div>\n\t\t\t\t\t<\/div>\n\t\t<\/section>\n\t\t\t\t<section class=\"elementor-section elementor-top-section elementor-element elementor-element-643f24fa elementor-section-stretched elementor-section-boxed elementor-section-height-default elementor-section-height-default\" data-id=\"643f24fa\" data-element_type=\"section\" data-e-type=\"section\" data-settings=\"{&quot;stretch_section&quot;:&quot;section-stretched&quot;}\">\n\t\t\t\t\t\t<div class=\"elementor-container elementor-column-gap-default\">\n\t\t\t\t\t<div class=\"elementor-column elementor-col-100 elementor-top-column elementor-element elementor-element-3234652\" data-id=\"3234652\" data-element_type=\"column\" data-e-type=\"column\">\n\t\t\t<div class=\"elementor-widget-wrap elementor-element-populated\">\n\t\t\t\t\t\t<div class=\"elementor-element elementor-element-2de316ab elementor-widget elementor-widget-text-editor\" data-id=\"2de316ab\" data-element_type=\"widget\" data-e-type=\"widget\" data-widget_type=\"text-editor.default\">\n\t\t\t\t<div class=\"elementor-widget-container\">\n\t\t\t\t\t\t\t\t\t\n<p><strong>L&rsquo;\u00e9mission des Interpr\u00e8tes amateurs ou pro en direct live et interview avec l&rsquo;\u00e9quipe de CETA Radio.<\/strong><\/p>\n<p><strong><\/strong><\/p>\n<p><strong>1 \u00e0 2 titres personnels et des Cover (reprises) permettant \u00e0 des artistes de pouvoir s&rsquo;exprimer en chanson et de d\u00e9couvrir l&rsquo;univers musical.<\/strong><\/p>\n\t\t\t\t\t\t\t\t<\/div>\n\t\t\t\t<\/div>\n\t\t\t\t<div class=\"elementor-element elementor-element-fb0ea9f elementor-widget elementor-widget-spacer\" data-id=\"fb0ea9f\" data-element_type=\"widget\" data-e-type=\"widget\" data-widget_type=\"spacer.default\">\n\t\t\t\t<div class=\"elementor-widget-container\">\n\t\t\t\t\t\t\t<div class=\"elementor-spacer\">\n\t\t\t<div class=\"elementor-spacer-inner\"><\/div>\n\t\t<\/div>\n\t\t\t\t\t\t<\/div>\n\t\t\t\t<\/div>\n\t\t\t\t\t<\/div>\n\t\t<\/div>\n\t\t\t\t\t<\/div>\n\t\t<\/section>\n\t\t\t\t<section class=\"elementor-section elementor-top-section elementor-element elementor-element-b080f66 elementor-section-stretched elementor-section-boxed elementor-section-height-default elementor-section-height-default\" data-id=\"b080f66\" data-element_type=\"section\" data-e-type=\"section\" data-settings=\"{&quot;stretch_section&quot;:&quot;section-stretched&quot;}\">\n\t\t\t\t\t\t<div class=\"elementor-container elementor-column-gap-default\">\n\t\t\t\t\t<div class=\"elementor-column elementor-col-100 elementor-top-column elementor-element elementor-element-a8ac5b2\" data-id=\"a8ac5b2\" data-element_type=\"column\" data-e-type=\"column\">\n\t\t\t<div class=\"elementor-widget-wrap elementor-element-populated\">\n\t\t\t\t\t\t<div class=\"elementor-element elementor-element-5abf69f elementor-widget elementor-widget-music-player\" data-id=\"5abf69f\" data-element_type=\"widget\" data-e-type=\"widget\" data-widget_type=\"music-player.default\">\n\t\t\t\t<div class=\"elementor-widget-container\">\n\t\t\t\t\t<article class=\"iron_widget_radio playlist_enabled\"><div class=\"iron-audioplayer  show-playlist sr_waveform_mediaElement\" id=\"arbitrary-instance-69eb527bea728-714ccd8fa9\" data-id=\"arbitrary-instance-69eb527bea728\" data-albums=\"2504\"data-url-playlist=\"https:\/\/nouveausite.cetaradio.fr\/cetawp\/?load=playlist.json&#038;title=&#038;albums=2504&#038;feed_title=&#038;feed=&#038;feed_img=&#038;el_widget_id=&#038;artwork=https:\/\/nouveausite.cetaradio.fr\/cetawp\/wp-content\/uploads\/2021\/01\/Fond-logo-CETA-Cover-Show-new-site-e1654088826239.png\" data-sticky-player=\"\" data-shuffle=\"\" data-playlist_title=\"\" data-scrollbar=\"\" data-wave-color=\"\" data-wave-progress-color=\"\" data-no-wave=\"\" data-hide-progressbar=\"\" data-feedurl=\"0\" data-notrackskip=\"\" data-playertype=\"\" data-playertemplate =\"skin_float_tracklist\" data-speedrate=\"1\" style=\"opacity:0;\"><div class=\"sonaar-grid\" ><div class=\"sonaar-Artwort-box\">\n                <div class=\"control\">\n                    \n                <\/div>\n                    <div class=\"album\">\n                        <div class=\"album-art\">\n                            <img alt=\"album-art\">\n                        <\/div>\n                    <\/div>\n                <\/div><div class=\"playlist\"><h3 class=\"sr_it-playlist-title\"><\/h3><div class=\"srp_subtitle\"><\/div><div class=\"srp_tracklist\"><ul class\"\"><li \n            class=\"sr-playlist-item sr-playlist-item-flex\" \n            data-audiopath=\"http:\/\/www.cetaradio.fr\/media\/podcasts\/CETACoverShow\/rec_2021-07-11_17h06m45s.mp3\"\n            data-showloading=\"1\"\n            data-albumTitle=\"CETA Cover Show\"\n            data-albumArt=\"https:\/\/nouveausite.cetaradio.fr\/cetawp\/wp-content\/uploads\/2021\/01\/Fond-logo-CETA-Cover-Show-new-site-e1654088826239.png\"\n            data-releasedate=\"\"\n            data-date=\"13 juin 2021\"\n            data-show-date=\"\"\n            data-trackTitle=\"CETA Cover Show 2021-07-11\"\n            data-trackID=\"\"\n            data-trackTime=\"\"\n            data-relatedTrack=\"\"\n            data-post-url=\"\"\n            ><span class=\"store-list\"><div class=\"song-store-list-menu\"><i class=\"fas fa-ellipsis-v\"><\/i><div class=\"song-store-list-container\"><a href=\"http:\/\/www.cetaradio.fr\/media\/podcasts\/CETACoverShow\/rec_2021-07-11_17h06m45s.mp3\" download class=\"song-store\" target=\"_blank\" title=\"\" data-source-post-id=\"2504\" data-store-id=\"0-0\" tabindex=\"1\"><i class=\"fas fa-download\"><\/i><\/a><\/div><\/div><\/span><\/li><li \n            class=\"sr-playlist-item sr-playlist-item-flex\" \n            data-audiopath=\"http:\/\/www.cetaradio.fr\/media\/podcasts\/CETACoverShow\/rec_2022-01-27_17h02m16s.mp3\"\n            data-showloading=\"1\"\n            data-albumTitle=\"CETA Cover Show\"\n            data-albumArt=\"https:\/\/nouveausite.cetaradio.fr\/cetawp\/wp-content\/uploads\/2021\/01\/Fond-logo-CETA-Cover-Show-new-site-e1654088826239.png\"\n            data-releasedate=\"\"\n            data-date=\"13 juin 2021\"\n            data-show-date=\"\"\n            data-trackTitle=\"CETA Cover Show 2022-01-27\"\n            data-trackID=\"\"\n            data-trackTime=\"\"\n            data-relatedTrack=\"\"\n            data-post-url=\"\"\n            ><span class=\"store-list\"><div class=\"song-store-list-menu\"><i class=\"fas fa-ellipsis-v\"><\/i><div class=\"song-store-list-container\"><a href=\"http:\/\/www.cetaradio.fr\/media\/podcasts\/CETACoverShow\/rec_2022-01-27_17h02m16s.mp3\" download class=\"song-store\" target=\"_blank\" title=\"\" data-source-post-id=\"2504\" data-store-id=\"1-0\" tabindex=\"1\"><i class=\"fas fa-download\"><\/i><\/a><\/div><\/div><\/span><\/li><\/ul><\/div><\/div><\/div><div class=\"album-player\"><div class=\"track-title\"><\/div> <div class=\"player \" ><div class=\"sr_progressbar\">\n                \n            <div class=\"currentTime\"><\/div>\n         \n                <div id=\"arbitrary-instance-69eb527bea728-042e3d9684-wave\" class=\"wave\" >\n                \n            <div class=\"sonaar_fake_wave\" style=\"height:70px\">\n                <audio src=\"\" class=\"sonaar_media_element\"><\/audio>\n                <div class=\"sonaar_wave_base\">\n                    <canvas id=arbitrary-instance-69eb527bea728-container class=\"\" height=\"70\" width=\"2540\"><\/canvas>\n                    <svg><\/svg>\n                <\/div>\n                <div class=\"sonaar_wave_cut\">\n                    <canvas id=arbitrary-instance-69eb527bea728-progress class=\"\" height=\"70\" width=\"2540\"><\/canvas>\n                    <svg><\/svg>\n                <\/div>\n            <\/div> \n                <\/div>\n                \n            <div class=\"totalTime\"><\/div>\n         \n             <\/div><div class=\"srp_main_control srp_oneColumn\"><div class=\"control\"><div class=\"previous\" style=\"opacity:0;\">\n                <svg version=\"1.1\" id=\"Layer_1\" xmlns=\"http:\/\/www.w3.org\/2000\/svg\" xmlns:xlink=\"http:\/\/www.w3.org\/1999\/xlink\" width=\"16\" height=\"18.33\" x=\"0px\" y=\"0px\" viewBox=\"0 0 10.2 11.7\" style=\"enable-background:new 0 0 10.2 11.7;\" xml:space=\"preserve\">\n                    <polygon points=\"10.2,0 1.4,5.3 1.4,0 0,0 0,11.7 1.4,11.7 1.4,6.2 10.2,11.7\"\/>\n                <\/svg>\n            <\/div><div class=\"play\" style=\"opacity:0;\">\n                <svg version=\"1.1\" xmlns=\"http:\/\/www.w3.org\/2000\/svg\" xmlns:xlink=\"http:\/\/www.w3.org\/1999\/xlink\" width=\"26\" height=\"31.47\" x=\"0px\" y=\"0px\" viewBox=\"0 0 17.5 21.2\" style=\"enable-background:new 0 0 17.5 21.2;\" xml:space=\"preserve\">\n                    <path d=\"M0,0l17.5,10.9L0,21.2V0z\"\/>\n                    <rect width=\"6\" height=\"21.2\"\/>\n                    <rect x=\"11.5\" width=\"6\" height=\"21.2\"\/>\n                <\/svg>\n            <\/div><div class=\"next\" style=\"opacity:0;\">\n                <svg version=\"1.1\" xmlns=\"http:\/\/www.w3.org\/2000\/svg\" xmlns:xlink=\"http:\/\/www.w3.org\/1999\/xlink\" width=\"16\" height=\"18.33\" x=\"0px\" y=\"0px\" viewBox=\"0 0 10.2 11.7\" style=\"enable-background:new 0 0 10.2 11.7;\" xml:space=\"preserve\">\n                    <polygon points=\"0,11.7 8.8,6.4 8.8,11.7 10.2,11.7 10.2,0 8.8,0 8.8,5.6 0,0\"\/>\n                <\/svg>\n            <\/div><\/div><div class=\"control\"><\/div><\/div><\/div><\/div><div class=\"album-store\"><\/div><\/div><\/article>\t\t\t\t<\/div>\n\t\t\t\t<\/div>\n\t\t\t\t\t<\/div>\n\t\t<\/div>\n\t\t\t\t\t<\/div>\n\t\t<\/section>\n\t\t\t\t<\/div>\n\t\t","protected":false},"excerpt":{"rendered":"<p>L&rsquo;\u00e9mission des Interpr\u00e8tes amateurs ou pro en direct live et interview avec l&rsquo;\u00e9quipe de CETA Radio. 1 \u00e0 2 titres personnels et des Cover (reprises) permettant \u00e0 des artistes de pouvoir s&rsquo;exprimer en chanson et de d\u00e9couvrir l&rsquo;univers musical.<\/p>\n","protected":false},"author":1,"featured_media":0,"parent":0,"menu_order":0,"comment_status":"closed","ping_status":"closed","template":"","meta":{"h5ap_radio_sources":[],"footnotes":""},"class_list":["post-2504","page","type-page","status-publish","hentry"],"_links":{"self":[{"href":"https:\/\/nouveausite.cetaradio.fr\/cetawp\/index.php\/wp-json\/wp\/v2\/pages\/2504","targetHints":{"allow":["GET"]}}],"collection":[{"href":"https:\/\/nouveausite.cetaradio.fr\/cetawp\/index.php\/wp-json\/wp\/v2\/pages"}],"about":[{"href":"https:\/\/nouveausite.cetaradio.fr\/cetawp\/index.php\/wp-json\/wp\/v2\/types\/page"}],"author":[{"embeddable":true,"href":"https:\/\/nouveausite.cetaradio.fr\/cetawp\/index.php\/wp-json\/wp\/v2\/users\/1"}],"replies":[{"embeddable":true,"href":"https:\/\/nouveausite.cetaradio.fr\/cetawp\/index.php\/wp-json\/wp\/v2\/comments?post=2504"}],"version-history":[{"count":45,"href":"https:\/\/nouveausite.cetaradio.fr\/cetawp\/index.php\/wp-json\/wp\/v2\/pages\/2504\/revisions"}],"predecessor-version":[{"id":3945,"href":"https:\/\/nouveausite.cetaradio.fr\/cetawp\/index.php\/wp-json\/wp\/v2\/pages\/2504\/revisions\/3945"}],"wp:attachment":[{"href":"https:\/\/nouveausite.cetaradio.fr\/cetawp\/index.php\/wp-json\/wp\/v2\/media?parent=2504"}],"curies":[{"name":"wp","href":"https:\/\/api.w.org\/{rel}","templated":true}]}}