{"id":36,"date":"2019-07-07T21:34:42","date_gmt":"2019-07-07T19:34:42","guid":{"rendered":"http:\/\/nouveausite.cetaradio.fr\/cetawp\/?page_id=36"},"modified":"2025-10-24T17:32:41","modified_gmt":"2025-10-24T15:32:41","slug":"programmes","status":"publish","type":"page","link":"https:\/\/nouveausite.cetaradio.fr\/cetawp\/index.php\/programmes\/","title":{"rendered":"Programmes"},"content":{"rendered":"\t\t<div data-elementor-type=\"wp-page\" data-elementor-id=\"36\" class=\"elementor elementor-36\">\n\t\t\t\t\t\t<section class=\"elementor-section elementor-top-section elementor-element elementor-element-32ab0dd0 elementor-section-stretched elementor-section-boxed elementor-section-height-default elementor-section-height-default\" data-id=\"32ab0dd0\" data-element_type=\"section\" data-e-type=\"section\" data-settings=\"{&quot;stretch_section&quot;:&quot;section-stretched&quot;}\">\n\t\t\t\t\t\t<div class=\"elementor-container elementor-column-gap-default\">\n\t\t\t\t\t<div class=\"elementor-column elementor-col-100 elementor-top-column elementor-element elementor-element-223dfbf6\" data-id=\"223dfbf6\" data-element_type=\"column\" data-e-type=\"column\">\n\t\t\t<div class=\"elementor-widget-wrap elementor-element-populated\">\n\t\t\t\t\t\t<div class=\"elementor-element elementor-element-f9cfd40 elementor-widget elementor-widget-text-editor\" data-id=\"f9cfd40\" data-element_type=\"widget\" data-e-type=\"widget\" data-widget_type=\"text-editor.default\">\n\t\t\t\t<div class=\"elementor-widget-container\">\n\t\t\t\t\t\t\t\t\t<p class=\"has-text-align-center\" style=\"font-size: 21px;\"><strong>Au programme de CETA Radio c&rsquo;est &#8230;..<\/strong><\/p>\n<p><!-- \/wp:paragraph --><\/p>\n<p><!-- wp:paragraph {\"align\":\"center\"} --><\/p>\n<p class=\"has-text-align-center\"><strong>De la Musique Pop-Rock 24h\/24 et 7j\/7<\/strong><\/p>\n<p><!-- \/wp:paragraph --><\/p>\n<p><!-- wp:image {\"align\":\"center\",\"id\":351} --><\/p>\n<div class=\"wp-block-image\">\n<figure class=\"aligncenter\"><img fetchpriority=\"high\" decoding=\"async\" width=\"300\" height=\"300\" class=\"wp-image-351\" src=\"http:\/\/nouveausite.cetaradio.fr\/cetawp\/wp-content\/uploads\/2019\/07\/Fond-musique-non-stop-3-300x300.png\" alt=\"\" srcset=\"https:\/\/nouveausite.cetaradio.fr\/cetawp\/wp-content\/uploads\/2019\/07\/Fond-musique-non-stop-3-300x300.png 300w, https:\/\/nouveausite.cetaradio.fr\/cetawp\/wp-content\/uploads\/2019\/07\/Fond-musique-non-stop-3-150x150.png 150w, https:\/\/nouveausite.cetaradio.fr\/cetawp\/wp-content\/uploads\/2019\/07\/Fond-musique-non-stop-3-100x100.png 100w, https:\/\/nouveausite.cetaradio.fr\/cetawp\/wp-content\/uploads\/2019\/07\/Fond-musique-non-stop-3.png 720w\" sizes=\"(max-width: 300px) 100vw, 300px\" \/><\/figure>\n<\/div>\n<p><!-- \/wp:image --><\/p>\n<p><!-- wp:paragraph {\"align\":\"center\",\"style\":{\"typography\":{\"fontSize\":15}}} --><\/p>\n<p class=\"has-text-align-center\" style=\"font-size: 15px;\"><strong><em>Mais aussi des \u00e9missions en DIRECT du Lundi au Dimanche comme <\/em>&#8230;<\/strong><\/p>\n<p><!-- \/wp:paragraph --><\/p>\n<p><!-- wp:media-text {\"mediaPosition\":\"right\",\"mediaId\":334,\"mediaType\":\"image\",\"mediaWidth\":30,\"isStackedOnMobile\":false} --><\/p>\n<div class=\"wp-block-media-text alignwide has-media-on-the-right\" style=\"grid-template-columns: auto 30%;\">\n<figure class=\"wp-block-media-text__media\"><img decoding=\"async\" class=\"alignnone wp-image-334\" src=\"http:\/\/nouveausite.cetaradio.fr\/cetawp\/wp-content\/uploads\/2019\/07\/Cetaradio-LeTop-NewSite.png\" alt=\"\" width=\"55\" height=\"55\" srcset=\"https:\/\/nouveausite.cetaradio.fr\/cetawp\/wp-content\/uploads\/2019\/07\/Cetaradio-LeTop-NewSite.png 720w, https:\/\/nouveausite.cetaradio.fr\/cetawp\/wp-content\/uploads\/2019\/07\/Cetaradio-LeTop-NewSite-150x150.png 150w, https:\/\/nouveausite.cetaradio.fr\/cetawp\/wp-content\/uploads\/2019\/07\/Cetaradio-LeTop-NewSite-300x300.png 300w, https:\/\/nouveausite.cetaradio.fr\/cetawp\/wp-content\/uploads\/2019\/07\/Cetaradio-LeTop-NewSite-100x100.png 100w\" sizes=\"(max-width: 55px) 100vw, 55px\" \/><\/figure>\n<div class=\"wp-block-media-text__content\">\n<p><!-- wp:paragraph {\"align\":\"right\",\"style\":{\"typography\":{\"fontSize\":15}}} --><\/p>\n<p class=\"has-text-align-right\" style=\"font-size: 15px;\">Le Dimanche de 20h00 \u00e0 21h00 en Direct<\/p>\n<p><!-- \/wp:paragraph --><\/p>\n<p><!-- wp:paragraph {\"align\":\"right\",\"placeholder\":\"Contenu\u2026\",\"style\":{\"typography\":{\"fontSize\":15}}} --><\/p>\n<p class=\"has-text-align-right\" style=\"font-size: 15px;\">Le Mardi de 19h \u00e0 20h en Rediffusion<\/p>\n<p><!-- \/wp:paragraph --><\/p>\n<p><!-- wp:paragraph {\"align\":\"right\",\"style\":{\"typography\":{\"fontSize\":14}}} --><\/p>\n<p class=\"has-text-align-right\" style=\"font-size: 14px;\">Anim\u00e9 par Laurent M. et vot\u00e9 par les auditeurs de CETA Radio ; retrouvez LE TOP &#8230;.. Les Meilleurs Titres Pop\/Rock\/Electro de la playlist quotidienne !<\/p>\n<p><!-- \/wp:paragraph --><\/p>\n<\/div>\n<\/div>\n<p><!-- \/wp:media-text --><\/p>\n<p><!-- wp:media-text {\"mediaId\":1495,\"mediaType\":\"image\",\"mediaWidth\":31,\"isStackedOnMobile\":false} --><\/p>\n<div class=\"wp-block-media-text alignwide\" style=\"grid-template-columns: 31% auto;\">\n<figure class=\"wp-block-media-text__media\"><img decoding=\"async\" class=\"alignnone wp-image-5213 size-full\" src=\"https:\/\/nouveausite.cetaradio.fr\/cetawp\/wp-content\/uploads\/2025\/10\/CETA-Radio-e1761171161989.jpeg\" alt=\"\" width=\"700\" height=\"700\" \/><\/figure>\n<div class=\"wp-block-media-text__content\">\n<p><!-- wp:paragraph {\"style\":{\"typography\":{\"fontSize\":15}}} --><\/p>\n<p style=\"font-size: 15px;\">Le Vendredi de 19h \u00e0 20h30 en direct sur <a href=\"http:\/\/twitch.tv\/cetaradio\">twitch.tv\/cetaradio<\/a> et<a href=\"http:\/\/nouveausite.cetaradio.fr\/cetawp\/index.php\/nous-ecouter\"> cetaradio.fr<\/a> .<\/p>\n<p><!-- \/wp:paragraph --><\/p>\n<p><!-- wp:paragraph {\"align\":\"left\",\"placeholder\":\"Contenu\u2026\",\"style\":{\"typography\":{\"fontSize\":14}}} --><\/p>\n<p class=\"has-text-align-left\" style=\"font-size: 14px;\">Emission culturelle, musicale, de chroniques et d&rsquo;actualit\u00e9s locales et r\u00e9gionales.<\/p>\n<p><!-- \/wp:paragraph --><\/p>\n<p><!-- wp:paragraph {\"align\":\"left\",\"placeholder\":\"Contenu\u2026\",\"style\":{\"typography\":{\"fontSize\":14}}} --><\/p>\n<p class=\"has-text-align-left\" style=\"font-size: 14px;\">Anim\u00e9e par Patrick et son \u00e9quipe dans la joie et la bonne humeur.<\/p>\n<p><!-- \/wp:paragraph --><\/p>\n<p><!-- wp:paragraph --><\/p>\n<p><!-- \/wp:paragraph --><\/p>\n<\/div>\n<\/div>\n<p><!-- \/wp:media-text --><\/p>\n<p><!-- wp:media-text {\"mediaPosition\":\"right\",\"mediaId\":1849,\"mediaLink\":\"http:\/\/nouveausite.cetaradio.fr\/cetawp\/index.php\/programmes\/fond-logo-libre-antenne-ceta-new-site\/\",\"mediaType\":\"image\",\"mediaWidth\":32} --><\/p>\n<p><!-- \/wp:media-text --><\/p>\n<p><!-- wp:media-text {\"mediaId\":338,\"mediaType\":\"image\",\"mediaWidth\":31,\"isStackedOnMobile\":false} --><\/p>\n<div class=\"wp-block-media-text alignwide\" style=\"grid-template-columns: 31% auto;\">\n<figure class=\"wp-block-media-text__media\"><\/figure>\n<div class=\"wp-block-media-text__content\">\n<p><!-- \/wp:paragraph --><\/p>\n<\/div>\n<\/div>\n<p><!-- \/wp:media-text --><\/p>\n<p><!-- wp:media-text {\"mediaPosition\":\"right\",\"mediaId\":1487,\"mediaLink\":\"http:\/\/nouveausite.cetaradio.fr\/cetawp\/nord-acoustic-show-2\/\",\"mediaType\":\"image\",\"mediaWidth\":31,\"isStackedOnMobile\":false} --><\/p>\n<div class=\"wp-block-media-text alignwide has-media-on-the-right\" style=\"grid-template-columns: auto 31%;\">\n<figure class=\"wp-block-media-text__media\"><\/figure>\n<div class=\"wp-block-media-text__content\">\n<p><!-- \/wp:paragraph --><\/p>\n<p><!-- wp:paragraph --><\/p>\n<p><!-- \/wp:paragraph --><\/p>\n<\/div>\n<\/div>\n<p><!-- \/wp:media-text --><\/p>\n<p><!-- wp:media-text {\"mediaId\":1847,\"mediaLink\":\"http:\/\/nouveausite.cetaradio.fr\/cetawp\/index.php\/programmes\/fond-logo-ceta-cover-show-new-site\/\",\"mediaType\":\"image\",\"mediaWidth\":30,\"isStackedOnMobile\":false} --><\/p>\n<div class=\"wp-block-media-text alignwide\" style=\"grid-template-columns: 30% auto;\">\n<figure class=\"wp-block-media-text__media\"><img loading=\"lazy\" decoding=\"async\" class=\"wp-image-1847  alignleft\" src=\"http:\/\/nouveausite.cetaradio.fr\/cetawp\/wp-content\/uploads\/2021\/01\/Fond-logo-CETA-Cover-Show-new-site.png\" alt=\"\" width=\"181\" height=\"181\" \/><strong><img loading=\"lazy\" decoding=\"async\" class=\"wp-image-2493 alignright\" src=\"https:\/\/nouveausite.cetaradio.fr\/cetawp\/wp-content\/uploads\/2021\/06\/cetaradio-emission-nordacousticshow250.png\" alt=\"\" width=\"188\" height=\"188\" srcset=\"https:\/\/nouveausite.cetaradio.fr\/cetawp\/wp-content\/uploads\/2021\/06\/cetaradio-emission-nordacousticshow250.png 250w, https:\/\/nouveausite.cetaradio.fr\/cetawp\/wp-content\/uploads\/2021\/06\/cetaradio-emission-nordacousticshow250-150x150.png 150w, https:\/\/nouveausite.cetaradio.fr\/cetawp\/wp-content\/uploads\/2021\/06\/cetaradio-emission-nordacousticshow250-100x100.png 100w\" sizes=\"(max-width: 188px) 100vw, 188px\" \/><\/strong><\/figure>\n<div class=\"wp-block-media-text__content\">\n<p><strong>Le Dimanche de 16h30 \u00e0 18h00<\/strong><\/p>\n<\/div>\n<div class=\"wp-block-media-text__content\">\n<p style=\"font-size: 14px;\">Pour d\u00e9couvrir des artistes, chanteurs et auteurs de deux, trois titres personnels mais faisant beaucoup de reprises en live et (ou) sur internet, avec des actualit\u00e9s.<\/p>\n<p style=\"font-size: 14px;\">Il y a CETA Cover Show !<\/p>\n<p>\u00a0<\/p>\n<p>\u00a0<\/p>\n<p>\u00a0<\/p>\n<p style=\"font-size: 14px;\">Pour d\u00e9couvrir en live les artistes et les groupes r\u00e9gionaux (auteurs, compositeurs &amp; interpr\u00e8tes) de la mani\u00e8re la plus simple qu&rsquo;il soit, jour en live acoustique..<\/p>\n<p style=\"font-size: 14px;\">Il y a Le Nord Acoustic Show !<\/p>\n<\/div>\n<\/div>\n<p><!-- \/wp:paragraph --><\/p>\n<p><!-- wp:media-text {\"mediaPosition\":\"right\",\"mediaId\":333,\"mediaType\":\"image\",\"mediaWidth\":31,\"isStackedOnMobile\":false} --><\/p>\n<div class=\"wp-block-media-text alignwide has-media-on-the-right\" style=\"grid-template-columns: auto 31%;\">\n<figure class=\"wp-block-media-text__media\"><\/figure>\n<div class=\"wp-block-media-text__content\">\n<p><!-- \/wp:paragraph --><\/p>\n<\/div>\n<\/div>\n<p><!-- \/wp:media-text --><\/p>\t\t\t\t\t\t\t\t<\/div>\n\t\t\t\t<\/div>\n\t\t\t\t\t<\/div>\n\t\t<\/div>\n\t\t\t\t\t<\/div>\n\t\t<\/section>\n\t\t\t\t<\/div>\n\t\t","protected":false},"excerpt":{"rendered":"<p>Au programme de CETA Radio c&rsquo;est &#8230;.. De la Musique Pop-Rock 24h\/24 et 7j\/7 Mais aussi des \u00e9missions en DIRECT du Lundi au Dimanche comme &#8230; Le Dimanche de 20h00 \u00e0 21h00 en Direct Le Mardi de 19h \u00e0 20h en Rediffusion Anim\u00e9 par Laurent M. et vot\u00e9 par les auditeurs de CETA Radio ; &hellip; <\/p>\n<p class=\"link-more\"><a href=\"https:\/\/nouveausite.cetaradio.fr\/cetawp\/index.php\/programmes\/\" class=\"more-link\">Continuer la lecture<span class=\"screen-reader-text\"> de &laquo;&nbsp;Programmes&nbsp;&raquo;<\/span><\/a><\/p>\n","protected":false},"author":1,"featured_media":0,"parent":0,"menu_order":0,"comment_status":"closed","ping_status":"closed","template":"","meta":{"h5ap_radio_sources":[],"footnotes":""},"class_list":["post-36","page","type-page","status-publish","hentry"],"_links":{"self":[{"href":"https:\/\/nouveausite.cetaradio.fr\/cetawp\/index.php\/wp-json\/wp\/v2\/pages\/36","targetHints":{"allow":["GET"]}}],"collection":[{"href":"https:\/\/nouveausite.cetaradio.fr\/cetawp\/index.php\/wp-json\/wp\/v2\/pages"}],"about":[{"href":"https:\/\/nouveausite.cetaradio.fr\/cetawp\/index.php\/wp-json\/wp\/v2\/types\/page"}],"author":[{"embeddable":true,"href":"https:\/\/nouveausite.cetaradio.fr\/cetawp\/index.php\/wp-json\/wp\/v2\/users\/1"}],"replies":[{"embeddable":true,"href":"https:\/\/nouveausite.cetaradio.fr\/cetawp\/index.php\/wp-json\/wp\/v2\/comments?post=36"}],"version-history":[{"count":77,"href":"https:\/\/nouveausite.cetaradio.fr\/cetawp\/index.php\/wp-json\/wp\/v2\/pages\/36\/revisions"}],"predecessor-version":[{"id":5305,"href":"https:\/\/nouveausite.cetaradio.fr\/cetawp\/index.php\/wp-json\/wp\/v2\/pages\/36\/revisions\/5305"}],"wp:attachment":[{"href":"https:\/\/nouveausite.cetaradio.fr\/cetawp\/index.php\/wp-json\/wp\/v2\/media?parent=36"}],"curies":[{"name":"wp","href":"https:\/\/api.w.org\/{rel}","templated":true}]}}