{"id":724,"date":"2019-09-23T14:39:49","date_gmt":"2019-09-23T12:39:49","guid":{"rendered":"http:\/\/nouveausite.cetaradio.fr\/cetawp\/?page_id=724"},"modified":"2026-03-19T23:47:58","modified_gmt":"2026-03-19T22:47:58","slug":"partenariats","status":"publish","type":"page","link":"https:\/\/nouveausite.cetaradio.fr\/cetawp\/index.php\/partenariats\/","title":{"rendered":"Partenariats"},"content":{"rendered":"\t\t<div data-elementor-type=\"wp-page\" data-elementor-id=\"724\" class=\"elementor elementor-724\">\n\t\t\t\t\t\t<section class=\"elementor-section elementor-top-section elementor-element elementor-element-25971f5d elementor-section-boxed elementor-section-height-default elementor-section-height-default\" data-id=\"25971f5d\" data-element_type=\"section\" data-e-type=\"section\">\n\t\t\t\t\t\t<div class=\"elementor-container elementor-column-gap-default\">\n\t\t\t\t\t<div class=\"elementor-column elementor-col-100 elementor-top-column elementor-element elementor-element-7870670f\" data-id=\"7870670f\" data-element_type=\"column\" data-e-type=\"column\">\n\t\t\t<div class=\"elementor-widget-wrap elementor-element-populated\">\n\t\t\t\t\t\t<div class=\"elementor-element elementor-element-372e3bb5 elementor-widget elementor-widget-text-editor\" data-id=\"372e3bb5\" data-element_type=\"widget\" data-e-type=\"widget\" data-widget_type=\"text-editor.default\">\n\t\t\t\t<div class=\"elementor-widget-container\">\n\t\t\t\t\t\t\t\t\t<p><div  id=\"ai-temp-advanced_iframe\"><!-- --><\/div><script type=\"text\/javascript\">jQuery(\"#ai-temp-advanced_iframe\").load(\"http:\/\/www.cetaradio.fr\/player-mrmazure-v4.2\/index.html\" , function() { })<\/script><div  id=\"ai-temp-advanced_iframe\"><!-- --><\/div><script type=\"text\/javascript\">jQuery(\"#ai-temp-advanced_iframe\").load(\"http:\/\/www.cetaradio.fr\/player-mrmazure-v4.2\/index.html\" , function() { })<\/script><\/p>\n<p><\/p>\n<p><\/p>\n<p><\/p>\n<p style=\"text-align: center;\"><em><strong>Abonne toi \u00e0 notre cha\u00eene YouTube ! <\/strong><\/em><\/p>\n<p><\/p>\n<p><\/p>\n<div class=\"wp-block-columns is-layout-flex wp-container-core-columns-is-layout-9d6595d7 wp-block-columns-is-layout-flex\">\n<p><\/p>\n<div class=\"wp-block-column is-layout-flow wp-block-column-is-layout-flow\" style=\"flex-basis: 39%;\">\n<p><\/p>\n<div class=\"wp-block-image\">\n<figure class=\"aligncenter size-large is-resized\"><a href=\"http:\/\/youtube.com\/@cetaradio\"><img decoding=\"async\" class=\"wp-image-761\" src=\"http:\/\/nouveausite.cetaradio.fr\/cetawp\/wp-content\/uploads\/2019\/10\/YouTube-logo-full_color.png\" alt=\"\" width=\"138\" height=\"85\" srcset=\"https:\/\/nouveausite.cetaradio.fr\/cetawp\/wp-content\/uploads\/2019\/10\/YouTube-logo-full_color.png 773w, https:\/\/nouveausite.cetaradio.fr\/cetawp\/wp-content\/uploads\/2019\/10\/YouTube-logo-full_color-300x187.png 300w, https:\/\/nouveausite.cetaradio.fr\/cetawp\/wp-content\/uploads\/2019\/10\/YouTube-logo-full_color-768x478.png 768w\" sizes=\"(max-width: 138px) 100vw, 138px\" \/><\/a><\/figure>\n<\/div>\n<p><\/p>\n<\/div>\n<p><\/p>\n<div class=\"wp-block-column is-layout-flow wp-block-column-is-layout-flow\" style=\"flex-basis: 61%;\">\n<p><\/p>\n<p style=\"font-size: 12px;\">Tu y verras quelques vid\u00e9os d&rsquo;\u00e9v\u00e9nements que nous avons couvert, quelques \u00e9missions et rediffusions ainsi que nos derni\u00e8res informations autour de la web-radio.<\/p>\n<p><\/p>\n<\/div>\n<p><\/p>\n<\/div>\n<p><\/p>\n<hr class=\"wp-block-separator has-text-color has-background has-vivid-cyan-blue-background-color has-vivid-cyan-blue-color is-style-default\" \/>\n<p style=\"text-align: center;\"><em><strong>Follow la cha\u00eene Twitch de CETA Radio !<\/strong><\/em><\/p>\n<p><\/p>\n<p><\/p>\n<div class=\"wp-block-columns is-layout-flex wp-container-core-columns-is-layout-9d6595d7 wp-block-columns-is-layout-flex\">\n<p><\/p>\n<div class=\"wp-block-column is-layout-flow wp-block-column-is-layout-flow\" style=\"flex-basis: 39%;\">\n<p><\/p>\n<div class=\"wp-block-image\">\n<figure class=\"aligncenter size-large is-resized\"><a href=\"http:\/\/twitch.tv\/cetaradio\"><img decoding=\"async\" class=\"wp-image-858\" src=\"http:\/\/nouveausite.cetaradio.fr\/cetawp\/wp-content\/uploads\/2020\/01\/TwitchExtrudedWordmarkPurple-1024x342.png\" alt=\"\" width=\"128\" height=\"79\" \/><\/a><\/figure>\n<\/div>\n<p><\/p>\n<\/div>\n<p><\/p>\n<div class=\"wp-block-column is-layout-flow wp-block-column-is-layout-flow\" style=\"flex-basis: 61%;\">\n<p><\/p>\n<div class=\"wp-block-group\"><div class=\"wp-block-group__inner-container is-layout-flow wp-block-group-is-layout-flow\">\n<p><\/p>\n<p class=\"has-text-align-left\" style=\"font-size: 12px;\">Nous diffusons seulement les \u00e9missions de CETA Radio en studio tel que Tou&rsquo;Z&rsquo;Azimut. Vous y retrouvez les derni\u00e8res diffusions des \u00e9missions gratuitement et ind\u00e9finiment.<\/p>\n<p><\/p>\n<p><\/p>\n<\/div><\/div>\n<p><\/p>\n<\/div>\n<p><\/p>\n<\/div>\n<p><\/p>\n<hr class=\"wp-block-separator has-text-color has-background has-very-dark-gray-background-color has-very-dark-gray-color is-style-wide\" \/>\n<p><\/p>\n<h3 id=\"ou-nous-somme-ecoutable\" class=\"has-text-align-center wp-block-heading\"><strong>Ou sommes-nous \u00e9coutables ? <\/strong><\/h3>\n<p><\/p>\n<p style=\"text-align: center;\">sur<a href=\"http:\/\/cetaradio.fr\/cetawp\/index.php\/nous-ecouter\"><strong> cetaradio.fr\/cetawp\/index.php\/nous-ecouter <\/strong><\/a>ou alors sur<strong><a href=\"http:\/\/twitch.tv\/cetaradio\"> twitch.tv\/cetaradio<\/a> durant nos \u00e9missions.<\/strong><\/p>\n<p>\n<\/p>\t\t\t\t\t\t\t\t<\/div>\n\t\t\t\t<\/div>\n\t\t\t\t\t<\/div>\n\t\t<\/div>\n\t\t\t\t\t<\/div>\n\t\t<\/section>\n\t\t\t\t<\/div>\n\t\t","protected":false},"excerpt":{"rendered":"<p>Tu y verras quelques vid\u00e9os d&rsquo;\u00e9v\u00e9nements que nous avons couvert, quelques \u00e9missions et rediffusions ainsi que nos derni\u00e8res informations autour de la web-radio. Nous diffusons seulement les \u00e9missions de CETA Radio en studio tel que Tou&rsquo;Z&rsquo;Azimut. Vous y retrouvez les derni\u00e8res diffusions des \u00e9missions gratuitement et ind\u00e9finiment. Ou sommes-nous \u00e9coutables ?<\/p>\n","protected":false},"author":1,"featured_media":0,"parent":0,"menu_order":0,"comment_status":"closed","ping_status":"closed","template":"","meta":{"h5ap_radio_sources":[],"footnotes":""},"class_list":["post-724","page","type-page","status-publish","hentry"],"_links":{"self":[{"href":"https:\/\/nouveausite.cetaradio.fr\/cetawp\/index.php\/wp-json\/wp\/v2\/pages\/724","targetHints":{"allow":["GET"]}}],"collection":[{"href":"https:\/\/nouveausite.cetaradio.fr\/cetawp\/index.php\/wp-json\/wp\/v2\/pages"}],"about":[{"href":"https:\/\/nouveausite.cetaradio.fr\/cetawp\/index.php\/wp-json\/wp\/v2\/types\/page"}],"author":[{"embeddable":true,"href":"https:\/\/nouveausite.cetaradio.fr\/cetawp\/index.php\/wp-json\/wp\/v2\/users\/1"}],"replies":[{"embeddable":true,"href":"https:\/\/nouveausite.cetaradio.fr\/cetawp\/index.php\/wp-json\/wp\/v2\/comments?post=724"}],"version-history":[{"count":129,"href":"https:\/\/nouveausite.cetaradio.fr\/cetawp\/index.php\/wp-json\/wp\/v2\/pages\/724\/revisions"}],"predecessor-version":[{"id":5569,"href":"https:\/\/nouveausite.cetaradio.fr\/cetawp\/index.php\/wp-json\/wp\/v2\/pages\/724\/revisions\/5569"}],"wp:attachment":[{"href":"https:\/\/nouveausite.cetaradio.fr\/cetawp\/index.php\/wp-json\/wp\/v2\/media?parent=724"}],"curies":[{"name":"wp","href":"https:\/\/api.w.org\/{rel}","templated":true}]}}